{"id":857,"date":"2016-05-03T09:01:56","date_gmt":"2016-05-03T07:01:56","guid":{"rendered":"https:\/\/pallybiscuits.com\/home\/"},"modified":"2019-08-08T15:48:09","modified_gmt":"2019-08-08T13:48:09","slug":"home","status":"publish","type":"page","link":"https:\/\/pallybiscuits.com\/de\/","title":{"rendered":"Home"},"content":{"rendered":"<p>[vc_row full_width=&#8220;stretch_row_content_no_spaces&#8220;][vc_column][vc_column_text]<\/p>\n<div class=\"banner\">\n<div class=\"banner-text\">\n<h1>,,Pally, der Spezialist<br \/>\nf\u00fcr s\u00fc\u00dfe Kekse&#8220;<\/h1>\n<p>&nbsp;<\/p>\n<h2>Wir liefern <strong>A-Marken-Qualit\u00e4t<\/strong> zu <strong>attraktiven Preisen<\/strong>.<\/h2>\n<p>&nbsp;<\/p>\n<div class=\"button_wrapper white\"><a class=\"button\" href=\"\/de\/uber-pally\/\">Mehr \u00fcber Pally<\/a><\/div>\n<\/div>\n<div class=\"banner-prop\"><img decoding=\"async\" src=\"https:\/\/pallybiscuits.com\/wp-content\/themes\/pallybiscuits\/img\/header_prop_wheat.png\" \/><\/div>\n<\/div>\n<p>[\/vc_column_text][\/vc_column][\/vc_row][vc_row full_width=&#8220;stretch_row_content_no_spaces&#8220; el_class=&#8220;no-overflow&#8220;][vc_column][vc_column_text]<\/p>\n<div class=\"sub-banner\">\n<div class=\"page-block-center\">\n<div class=\"info-text\">\n<p>Pally strebt nach <strong>langfristigen Partnerschaften <\/strong>mit den Kunden auf der Grundlage von <strong>Kundenzufriedenheit, Vertrauen und Transparenz<\/strong>.<\/p>\n<\/div>\n<div class=\"info-img\"><img decoding=\"async\" src=\"https:\/\/pallybiscuits.com\/wp-content\/themes\/pallybiscuits\/img\/header_biscuit.png\" \/><\/div>\n<div class=\"clearfix\"><\/div>\n<\/div>\n<\/div>\n<p>[\/vc_column_text][\/vc_column][\/vc_row][vc_row full_width=&#8220;stretch_row_content_no_spaces&#8220; equal_height=&#8220;yes&#8220; css=&#8220;.vc_custom_1462269864269{background-color: #ffffff !important;}&#8220;][vc_column width=&#8220;1\/2&#8243; css=&#8220;.vc_custom_1462269569996{padding-top: 50px !important;padding-right: 50px !important;padding-bottom: 50px !important;}&#8220;][vc_column_text el_class=&#8220;half-page-right&#8220;]<\/p>\n<h2><strong>\u00dcber hundert Jahre Erfahrungen mit der Keksherstellung <\/strong><\/h2>\n<p>Die beste Gew\u00e4hr f\u00fcr Qualit\u00e4t und Hygiene bieten die in \u00fcber hundert Jahren gesammelten Erfahrungen mit der Keksherstellung. Dies wird auch durch j\u00e4hrliche Audits f\u00fcr verschiedene Zertifizierungen best\u00e4tigt. Pally ist nach den Normen BRC, IFS und RSPO zertifiziert und verlangt von den Zulieferern von Rohstoffen, Verpackungen und Hilfsstoffen ebenfalls, dass sie entsprechend zertifiziert sind. Unsere Qualit\u00e4tssysteme garantieren eine Haltbarkeit aller hergestellten Kekse von mindestens zw\u00f6lf Monaten.<\/p>\n<div class=\"button_wrapper pull-right\"><a class=\"button\" href=\"\/de\/uber-pally\/\">Mehr lesen<\/a><\/div>\n<p>[\/vc_column_text][\/vc_column][vc_column width=&#8220;1\/2&#8243; css=&#8220;.vc_custom_1462269078245{background-image: url(https:\/\/pallybiscuits.com\/wp-content\/uploads\/2016\/05\/content_bg_1.jpg?id=25) !important;}&#8220;][\/vc_column][\/vc_row][vc_row full_width=&#8220;stretch_row_content_no_spaces&#8220;][vc_column el_class=&#8220;quick-block-holder&#8220;]<div class=\"item_holder\" style=\"background-image: url('https:\/\/pallybiscuits.com\/wp-content\/themes\/pallybiscuits\/img\/footer_bg_left.jpg');\">\n<div class=\"item\" style=\"right: 0; bottom: 0; background-image: url('https:\/\/pallybiscuits.com\/wp-content\/themes\/pallybiscuits\/img\/footer_logo_trans_brown.png');\">\n<div class=\"title\"><span class=\"brown\">Unser Sortiment<\/span><\/div>\n<div class=\"content\">Das Sortiment von Pally besteht aus beliebten Kekssorten in verschiedenen Formen und Verpackungsvarianten. Auf Wunsch werden die Kekse mit einer k\u00f6stlichen Glasur aus Milch- oder Zartbitterschokolade \u00fcberzogen.<\/div>\n<\/div>\n<\/div>\n<div class=\"item_holder\" style=\"width: 34%; background-image: url('https:\/\/pallybiscuits.com\/wp-content\/themes\/pallybiscuits\/img\/footer_bg_middle.jpg');\">\n<div class=\"item js-horizontal-center\" style=\"bottom: 0px; left: 131px; background-image: url('https:\/\/pallybiscuits.com\/wp-content\/themes\/pallybiscuits\/img\/footer_logo_trans_blue.png');\">\n<div class=\"title\"><span class=\"blue\">Lieferbedingungen<\/span><\/div>\n<div class=\"content\">\n<p>De VBZ-Lieferbedingungen k\u00f6nnen hier heruntergeladen werden.<\/p>\n<ul>\n<li><span class=\"blue\">\u00bb<\/span> <a href=\"https:\/\/pallybiscuits.com\/wp-content\/uploads\/2019\/05\/20190326-Verkoopvoorwaarden-VBZ_NL.pdf\">VBZ lieferbedingungen (NL)<\/a><\/li>\n<li><span class=\"blue\">\u00bb<\/span> <a href=\"https:\/\/pallybiscuits.com\/wp-content\/uploads\/2019\/05\/20190326-Terms-of-Sale-VBZ_EN.pdf\">VBZ lieferbedingungen (EN)<\/a><\/li>\n<\/ul>\n<\/div>\n<\/div>\n<\/div>\n<div class=\"item_holder\" style=\"background-image: url('https:\/\/pallybiscuits.com\/wp-content\/themes\/pallybiscuits\/img\/footer_bg_right.jpg');\">\n<div class=\"item\" style=\"left: 0; bottom: 0; background-image: url('https:\/\/pallybiscuits.com\/wp-content\/themes\/pallybiscuits\/img\/footer_logo_trans_yellow.png');\">\n<div class=\"title\"><span class=\"yellow\">Qualit\u00e4t<\/span><\/div>\n<div class=\"content\">\n<p>Die Zertifizierungen von Pally Biscuits k\u00f6nnen hier heruntergeladen werden.<\/p>\n<ul class=\"imgholder-logos\">\n<li><img decoding=\"async\" src=\"https:\/\/pallybiscuits.com\/wp-content\/uploads\/2020\/03\/BRCGS_CERT_FOOD_LOGO_RGB.png\"><\/li>\n<li><img decoding=\"async\" src=\"https:\/\/pallybiscuits.com\/wp-content\/uploads\/2020\/03\/IFS_Food_Box_RGB.png\"><\/li>\n<li><img decoding=\"async\" src=\"https:\/\/pallybiscuits.com\/wp-content\/uploads\/2020\/03\/EU_Organic_Logo_Colour_Version_54x36mm_IsoC.png\"><\/li>\n<li><img decoding=\"async\" src=\"https:\/\/pallybiscuits.com\/wp-content\/uploads\/2020\/03\/Fairtrade-transparant.png\"><\/li>\n<p> \t<!--\n\n<li><img decoding=\"async\" src=\"https:\/\/pallybiscuits.com\/wp-content\/uploads\/2020\/03\/RSPO-Transparant.png\"><\/li>\n\n--><\/p>\n<li><img decoding=\"async\" src=\"https:\/\/pallybiscuits.com\/wp-content\/uploads\/2023\/11\/RA_Seal_Core_Green_and_White_RGB-e1602838216833.png\"><\/li>\n<li><img decoding=\"async\" src=\"https:\/\/pallybiscuits.com\/wp-content\/uploads\/2020\/03\/thumbnail_Vegan-Transparant.png\"><\/li>\n<\/ul>\n<\/div>\n<\/div>\n<\/div>\n[\/vc_column][\/vc_row]<\/p>\n","protected":false},"excerpt":{"rendered":"<p>[vc_row full_width=&#8220;stretch_row_content_no_spaces&#8220;][vc_column][vc_column_text] ,,Pally, der Spezialist f\u00fcr s\u00fc\u00dfe Kekse&#8220; &nbsp; Wir liefern A-Marken-Qualit\u00e4t zu attraktiven Preisen. &nbsp; Mehr \u00fcber Pally [\/vc_column_text][\/vc_column][\/vc_row][vc_row full_width=&#8220;stretch_row_content_no_spaces&#8220; el_class=&#8220;no-overflow&#8220;][vc_column][vc_column_text] Pally strebt nach langfristigen Partnerschaften mit den Kunden auf der Grundlage von Kundenzufriedenheit, Vertrauen und Transparenz. [\/vc_column_text][\/vc_column][\/vc_row][vc_row full_width=&#8220;stretch_row_content_no_spaces&#8220; equal_height=&#8220;yes&#8220; css=&#8220;.vc_custom_1462269864269{background-color: #ffffff !important;}&#8220;][vc_column width=&#8220;1\/2&#8243; css=&#8220;.vc_custom_1462269569996{padding-top: 50px !important;padding-right: 50px !important;padding-bottom: 50px !important;}&#8220;][vc_column_text el_class=&#8220;half-page-right&#8220;] \u00dcber hundert [&hellip;]<\/p>\n","protected":false},"author":1,"featured_media":0,"parent":0,"menu_order":0,"comment_status":"closed","ping_status":"closed","template":"","meta":{"_acf_changed":false,"footnotes":""},"class_list":["post-857","page","type-page","status-publish","hentry"],"acf":[],"_links":{"self":[{"href":"https:\/\/pallybiscuits.com\/de\/wp-json\/wp\/v2\/pages\/857","targetHints":{"allow":["GET"]}}],"collection":[{"href":"https:\/\/pallybiscuits.com\/de\/wp-json\/wp\/v2\/pages"}],"about":[{"href":"https:\/\/pallybiscuits.com\/de\/wp-json\/wp\/v2\/types\/page"}],"author":[{"embeddable":true,"href":"https:\/\/pallybiscuits.com\/de\/wp-json\/wp\/v2\/users\/1"}],"replies":[{"embeddable":true,"href":"https:\/\/pallybiscuits.com\/de\/wp-json\/wp\/v2\/comments?post=857"}],"version-history":[{"count":10,"href":"https:\/\/pallybiscuits.com\/de\/wp-json\/wp\/v2\/pages\/857\/revisions"}],"predecessor-version":[{"id":1216,"href":"https:\/\/pallybiscuits.com\/de\/wp-json\/wp\/v2\/pages\/857\/revisions\/1216"}],"wp:attachment":[{"href":"https:\/\/pallybiscuits.com\/de\/wp-json\/wp\/v2\/media?parent=857"}],"curies":[{"name":"wp","href":"https:\/\/api.w.org\/{rel}","templated":true}]}}