{"id":863,"date":"2016-05-03T09:02:21","date_gmt":"2016-05-03T07:02:21","guid":{"rendered":"https:\/\/pallybiscuits.com\/over-pally\/"},"modified":"2019-08-08T16:09:08","modified_gmt":"2019-08-08T14:09:08","slug":"uber-pally","status":"publish","type":"page","link":"https:\/\/pallybiscuits.com\/de\/uber-pally\/","title":{"rendered":"\u00dcber Pally"},"content":{"rendered":"<p>[vc_row full_width=&#8220;stretch_row_content_no_spaces&#8220;][vc_column]<div class=\"banner b2\">\r\n<div class=\"banner-text\">\r\n<h1>Pally, der Spezialist\r\nf\u00fcr s\u00fc\u00dfe Kekse<\/h1>\r\n<\/div>\r\n<\/div>[\/vc_column][\/vc_row][vc_row][vc_column offset=&#8220;vc_col-lg-6 vc_col-md-7 vc_col-xs-12&#8243;][vc_column_text css=&#8220;.vc_custom_1534341135898{padding-top: 10px !important;padding-right: 30px !important;padding-bottom: 80px !important;}&#8220;]<\/p>\n<h2 class=\"bold\">\u00dcber Pally<\/h2>\n<div class=\"pull-left\">\n<h3><img loading=\"lazy\" decoding=\"async\" class=\"alignright img-circle-brown\" style=\"margin-top: -10px; margin-left: 10px;\" src=\"https:\/\/pallybiscuits.com\/wp-content\/themes\/pallybiscuits\/img\/avatar.jpg\" alt=\"Martijn Koenders\" width=\"250\" height=\"250\" align=\"right\" \/>Es erf\u00fcllt mich mit Stolz, wenn ich an Pally Biscuits denke: Stolz auf das Engagement aller Mitarbeiter, unsere 130-j\u00e4hrige Firmengeschichte, die unverf\u00e4lschten Zutaten unserer Produkte, die moderne Technologie und nat\u00fcrlich die offene und ehrliche Zusammenarbeit mit unseren Kunden auf der ganzen Welt.<\/h3>\n<\/div>\n<div class=\"clearfix\"><\/div>\n<div><\/div>\n<p>Tag f\u00fcr Tag arbeiten wir an unseren Kenntnissen \u00fcber die Herstellung von Keksen, die genauen Rezepturen, die Auswahl der richtigen Zutaten und die optimalen Maschineneinstellungen. Gemeinsam tragen alle diese Elemente zur Herstellung perfekter Kekse bei. Kein Wunder, dass j\u00e4hrlich Millionen unserer Kekse auf der ganzen Welt gegessen werden.<\/p>\n<p style=\"font-weight: bold; font-size: 1.3em; color: #623d00;\">Martijn Koenders<\/p>\n<p>Hauptgesch\u00e4ftsf\u00fchrer und Eigent\u00fcmer[\/vc_column_text][\/vc_column][vc_column el_class=&#8220;featured_yellow&#8220; css=&#8220;.vc_custom_1463658423494{background-position: 0 0 !important;background-repeat: no-repeat !important;}&#8220; offset=&#8220;vc_col-lg-3 vc_col-md-5 vc_col-xs-12&#8243;][vc_column_text css=&#8220;.vc_custom_1534506299948{margin-top: 80px !important;margin-bottom: 40px !important;}&#8220;]<\/p>\n<ul>\n<li>Pally, der <strong>Spezialist<\/strong> f\u00fcr Kekse.<\/li>\n<li>Wir liefern\u00a0<strong>A-Marken-Qualit\u00e4t<\/strong>\u00a0zu <strong>attraktiven Preisen<\/strong>.<\/li>\n<li>Pally strebt nach <strong>langfristigen Partnerschaften <\/strong>mit den Kunden auf der Grundlage von <strong>Kundenzufriedenheit, Vertrauen und Transparenz<\/strong>.<\/li>\n<\/ul>\n<p>[\/vc_column_text][\/vc_column][vc_column width=&#8220;1\/4&#8243; offset=&#8220;vc_col-lg-3 vc_hidden-md vc_hidden-sm vc_hidden-xs&#8220;][vc_single_image source=&#8220;external_link&#8220; custom_src=&#8220;https:\/\/pallybiscuits.com\/wp-content\/themes\/pallybiscuits\/img\/page_biscuit.png&#8220; css=&#8220;.vc_custom_1462981145953{margin-top: 30px !important;margin-left: -15px !important;}&#8220;][\/vc_column][\/vc_row][vc_row full_width=&#8220;stretch_row_content_no_spaces&#8220; el_class=&#8220;quick-block-holder&#8220;][vc_column]<div class=\"item_holder\" style=\"background-image: url('https:\/\/pallybiscuits.com\/wp-content\/themes\/pallybiscuits\/img\/footer_bg_left.jpg');\">\n<div class=\"item\" style=\"right: 0; bottom: 0; background-image: url('https:\/\/pallybiscuits.com\/wp-content\/themes\/pallybiscuits\/img\/footer_logo_trans_brown.png');\">\n<div class=\"title\"><span class=\"brown\">Unser Sortiment<\/span><\/div>\n<div class=\"content\">Das Sortiment von Pally besteht aus beliebten Kekssorten in verschiedenen Formen und Verpackungsvarianten. Auf Wunsch werden die Kekse mit einer k\u00f6stlichen Glasur aus Milch- oder Zartbitterschokolade \u00fcberzogen.<\/div>\n<\/div>\n<\/div>\n<div class=\"item_holder\" style=\"width: 34%; background-image: url('https:\/\/pallybiscuits.com\/wp-content\/themes\/pallybiscuits\/img\/footer_bg_middle.jpg');\">\n<div class=\"item js-horizontal-center\" style=\"bottom: 0px; left: 131px; background-image: url('https:\/\/pallybiscuits.com\/wp-content\/themes\/pallybiscuits\/img\/footer_logo_trans_blue.png');\">\n<div class=\"title\"><span class=\"blue\">Lieferbedingungen<\/span><\/div>\n<div class=\"content\">\n<p>De VBZ-Lieferbedingungen k\u00f6nnen hier heruntergeladen werden.<\/p>\n<ul>\n<li><span class=\"blue\">\u00bb<\/span> <a href=\"https:\/\/pallybiscuits.com\/wp-content\/uploads\/2019\/05\/20190326-Verkoopvoorwaarden-VBZ_NL.pdf\">VBZ lieferbedingungen (NL)<\/a><\/li>\n<li><span class=\"blue\">\u00bb<\/span> <a href=\"https:\/\/pallybiscuits.com\/wp-content\/uploads\/2019\/05\/20190326-Terms-of-Sale-VBZ_EN.pdf\">VBZ lieferbedingungen (EN)<\/a><\/li>\n<\/ul>\n<\/div>\n<\/div>\n<\/div>\n<div class=\"item_holder\" style=\"background-image: url('https:\/\/pallybiscuits.com\/wp-content\/themes\/pallybiscuits\/img\/footer_bg_right.jpg');\">\n<div class=\"item\" style=\"left: 0; bottom: 0; background-image: url('https:\/\/pallybiscuits.com\/wp-content\/themes\/pallybiscuits\/img\/footer_logo_trans_yellow.png');\">\n<div class=\"title\"><span class=\"yellow\">Qualit\u00e4t<\/span><\/div>\n<div class=\"content\">\n<p>Die Zertifizierungen von Pally Biscuits k\u00f6nnen hier heruntergeladen werden.<\/p>\n<ul class=\"imgholder-logos\">\n<li><img decoding=\"async\" src=\"https:\/\/pallybiscuits.com\/wp-content\/uploads\/2020\/03\/BRCGS_CERT_FOOD_LOGO_RGB.png\"><\/li>\n<li><img decoding=\"async\" src=\"https:\/\/pallybiscuits.com\/wp-content\/uploads\/2020\/03\/IFS_Food_Box_RGB.png\"><\/li>\n<li><img decoding=\"async\" src=\"https:\/\/pallybiscuits.com\/wp-content\/uploads\/2020\/03\/EU_Organic_Logo_Colour_Version_54x36mm_IsoC.png\"><\/li>\n<li><img decoding=\"async\" src=\"https:\/\/pallybiscuits.com\/wp-content\/uploads\/2020\/03\/Fairtrade-transparant.png\"><\/li>\n<p> \t<!--\n\n<li><img decoding=\"async\" src=\"https:\/\/pallybiscuits.com\/wp-content\/uploads\/2020\/03\/RSPO-Transparant.png\"><\/li>\n\n--><\/p>\n<li><img decoding=\"async\" src=\"https:\/\/pallybiscuits.com\/wp-content\/uploads\/2023\/11\/RA_Seal_Core_Green_and_White_RGB-e1602838216833.png\"><\/li>\n<li><img decoding=\"async\" src=\"https:\/\/pallybiscuits.com\/wp-content\/uploads\/2020\/03\/thumbnail_Vegan-Transparant.png\"><\/li>\n<\/ul>\n<\/div>\n<\/div>\n<\/div>\n[\/vc_column][\/vc_row]<\/p>\n","protected":false},"excerpt":{"rendered":"<p>[vc_row full_width=&#8220;stretch_row_content_no_spaces&#8220;][vc_column][\/vc_column][\/vc_row][vc_row][vc_column offset=&#8220;vc_col-lg-6 vc_col-md-7 vc_col-xs-12&#8243;][vc_column_text css=&#8220;.vc_custom_1534341135898{padding-top: 10px !important;padding-right: 30px !important;padding-bottom: 80px !important;}&#8220;] \u00dcber Pally Es erf\u00fcllt mich mit Stolz, wenn ich an Pally Biscuits denke: Stolz auf das Engagement aller Mitarbeiter, unsere 130-j\u00e4hrige Firmengeschichte, die unverf\u00e4lschten Zutaten unserer Produkte, die moderne Technologie und nat\u00fcrlich die offene und ehrliche Zusammenarbeit mit unseren Kunden auf der ganzen [&hellip;]<\/p>\n","protected":false},"author":1,"featured_media":0,"parent":0,"menu_order":0,"comment_status":"closed","ping_status":"closed","template":"","meta":{"_acf_changed":false,"footnotes":""},"class_list":["post-863","page","type-page","status-publish","hentry"],"acf":[],"_links":{"self":[{"href":"https:\/\/pallybiscuits.com\/de\/wp-json\/wp\/v2\/pages\/863","targetHints":{"allow":["GET"]}}],"collection":[{"href":"https:\/\/pallybiscuits.com\/de\/wp-json\/wp\/v2\/pages"}],"about":[{"href":"https:\/\/pallybiscuits.com\/de\/wp-json\/wp\/v2\/types\/page"}],"author":[{"embeddable":true,"href":"https:\/\/pallybiscuits.com\/de\/wp-json\/wp\/v2\/users\/1"}],"replies":[{"embeddable":true,"href":"https:\/\/pallybiscuits.com\/de\/wp-json\/wp\/v2\/comments?post=863"}],"version-history":[{"count":6,"href":"https:\/\/pallybiscuits.com\/de\/wp-json\/wp\/v2\/pages\/863\/revisions"}],"predecessor-version":[{"id":922,"href":"https:\/\/pallybiscuits.com\/de\/wp-json\/wp\/v2\/pages\/863\/revisions\/922"}],"wp:attachment":[{"href":"https:\/\/pallybiscuits.com\/de\/wp-json\/wp\/v2\/media?parent=863"}],"curies":[{"name":"wp","href":"https:\/\/api.w.org\/{rel}","templated":true}]}}