{"id":867,"date":"2016-05-03T09:02:47","date_gmt":"2016-05-03T07:02:47","guid":{"rendered":"https:\/\/pallybiscuits.com\/assortiment\/"},"modified":"2019-08-08T15:36:18","modified_gmt":"2019-08-08T13:36:18","slug":"sortiment","status":"publish","type":"page","link":"https:\/\/pallybiscuits.com\/de\/sortiment\/","title":{"rendered":"Sortiment"},"content":{"rendered":"<p>[vc_row full_width=&#8220;stretch_row_content_no_spaces&#8220;][vc_column]<div class=\"banner b2\">\r\n<div class=\"banner-text\">\r\n<h1>Pally, der Spezialist\r\nf\u00fcr s\u00fc\u00dfe Kekse<\/h1>\r\n<\/div>\r\n<\/div>[\/vc_column][\/vc_row][vc_row css=&#8220;.vc_custom_1463061416289{margin-bottom: 30px !important;}&#8220;][vc_column css=&#8220;.vc_custom_1463659068932{margin-bottom: 30px !important;background-color: #f5f5f5 !important;}&#8220; offset=&#8220;vc_col-lg-3 vc_col-md-4 vc_col-xs-12&#8243;]<h2 class=\"bold\">Unser Sortiment<\/h2>\r\n&nbsp;\r\n<h3 class=\"blue bold\" style=\"padding-top: 8px;\">Spezialprodukte<\/h3>\r\n<div class=\"featured_blue small\">\r\n<h3 class=\"bold\" style=\"padding-top: 8px;\">Eigenmarken<\/h3>\r\nPally Biscuits ist der Marktf\u00fchrer f\u00fcr Privatlabel-Kekse in Nordwesteuropa. Die Rezepturen, die Ausformungen und die Verpackungen werden stets an die W\u00fcnsche des betreffenden (internationalen) Kunden angepasst.\r\n<div style=\"width: 100%; text-align: right; margin-bottom: 15px;\"><\/div>\r\n<\/div>\r\n<div class=\"featured_red small\">\r\n<h3 class=\"bold\" style=\"padding-top: 8px;\">Spezielle Rezepte<\/h3>\r\nF\u00fcr Organisationen wie Unicef und die Vereinten Nationen produziert Pally auf Wunsch spezielle Kekse, die genau auf den Energiebedarf von Kindern abgestimmt sind. Dar\u00fcber hinaus werden in unserer B\u00e4ckerei auch verschiedene koschere Kekse hergestellt.\r\n<div style=\"width: 100%; text-align: right; margin-bottom: 15px;\"><\/div>\r\n<\/div>\r\n<div class=\"featured_brown small\">\r\n<h3 class=\"bold\" style=\"padding-top: 8px;\">Schokoladenkekse<\/h3>\r\nAuf Wunsch des Kunden \u00fcberzieht Pally beliebte Kekssorten mit einer Glasur aus UTZ-zertifizierter Milch- oder Zartbitterschokolade.\r\n<div style=\"width: 100%; text-align: right; margin-bottom: 15px;\"><\/div>\r\n<\/div>\r\n<div class=\"featured_green small\">\r\n<h3 class=\"bold\" style=\"padding-top: 8px;\">Biologisch<\/h3>\r\nDie Verbraucher achten in zunehmendem Ma\u00dfe auf eine gesunde Ern\u00e4hrung und legen Wert auf einen verantwortungsvollen Umgang mit der Umwelt und unserem Planeten. Daher werden biologische Produkte immer wichtiger und immer mehr verkauft. Pally Biscuits ist vollst\u00e4ndig zertifiziert f\u00fcr ihre biologische Produktion und bietet ein attraktives und k\u00f6stliches Sortiment an Bio-Keksen mit und ohne Schokoladenglasur an.\r\n<div style=\"width: 100%; text-align: right; margin-bottom: 15px;\"><\/div>\r\n<\/div>\r\n<div class=\"featured_purple small\">\r\n<h3 class=\"bold\" style=\"padding-top: 8px;\">Portionsverpackungen<\/h3>\r\nWarum nur ein Keks zum Tee oder Kaffee? Oft haben wir einfach Lust auf etwas S\u00fc\u00dfes, zum Beispiel unterwegs oder am Arbeitsplatz. Pally Biscuits bietet ein Sortiment k\u00f6stlicher Kekse in praktischen Portionsverpackungen f\u00fcr unterwegs: zwei leckere Kekse f\u00fcr den kleinen Hunger zwischendurch! Mit oder ohne Schokolade.\r\n<div style=\"width: 100%; text-align: right; margin-bottom: 15px;\"><\/div>\r\n<\/div>[\/vc_column][vc_column css=&#8220;.vc_custom_1463659109913{padding-top: 20px !important;}&#8220; offset=&#8220;vc_col-lg-9 vc_col-md-8 vc_col-xs-12&#8243;][vc_column_text css=&#8220;.vc_custom_1538042923541{padding-top: 40px !important;padding-left: 20px !important;}&#8220;]Die beliebtesten Kekssorten finden Sie in unserem Sortiment. Wir produzieren unsere Kekse ausschlie\u00dflich aus nat\u00fcrlichen Zutaten, unter anderem Weizenmehl aus der niederl\u00e4ndischen Provinz Zeeland, Sonnenblumen\u00f6l und UTZ-zertifizierter Schokolade.<\/p>\n<p><strong>S\u00e4mtliche Kekse von Pally werden stets in asbestfreien \u00d6fen gebacken. \u00a0<\/strong><\/p>\n<p>Dank der einzigartigen s\u00fc\u00df-salzigen Geschmackskombination eignen sich die Digestive Biscuits f\u00fcr jede Tageszeit.<\/p>\n<h3 class=\"blue bold\">Spezialprodukte<\/h3>\n<p>[\/vc_column_text][vc_row_inner css=&#8220;.vc_custom_1463659583100{margin-bottom: 20px !important;}&#8220;][vc_column_inner width=&#8220;1\/2&#8243; offset=&#8220;vc_col-lg-4 vc_col-md-6 vc_col-xs-12&#8243; css=&#8220;.vc_custom_1463749773525{margin-bottom: 20px !important;}&#8220;][vc_single_image image=&#8220;1037&#8243; img_size=&#8220;500&#215;300&#8243;][vc_column_text]<\/p>\n<div class=\"featured_yellow small\">\n<h3 class=\"bold\" style=\"padding-top: 8px;\">Digestive Biscuits<\/h3>\n<p>Dank der einzigartigen s\u00fc\u00df-salzigen Geschmackskombination eignen sich die Digestive Biscuits f\u00fcr alle Momente des Tages.<\/p>\n<\/div>\n<p>[\/vc_column_text][\/vc_column_inner][vc_column_inner width=&#8220;1\/2&#8243; offset=&#8220;vc_col-lg-4 vc_col-md-6 vc_col-xs-12&#8243; css=&#8220;.vc_custom_1463749782868{margin-bottom: 20px !important;}&#8220;][vc_single_image image=&#8220;1038&#8243; img_size=&#8220;500&#215;300&#8243;][vc_column_text]<\/p>\n<div class=\"featured_yellow small\">\n<h3 class=\"bold\" style=\"padding-top: 8px;\">Haferkekse<\/h3>\n<p>Diese echten Haferkekse werden von Keksliebhabern ganz besonders gesch\u00e4tzt.<\/p>\n<\/div>\n<p>[\/vc_column_text][\/vc_column_inner][vc_column_inner width=&#8220;1\/2&#8243; offset=&#8220;vc_col-lg-4 vc_col-md-6 vc_col-xs-12&#8243; css=&#8220;.vc_custom_1463749791383{margin-bottom: 20px !important;}&#8220;][vc_single_image image=&#8220;1039&#8243; img_size=&#8220;500&#215;300&#8243;][vc_column_text]<\/p>\n<div class=\"featured_yellow small\">\n<h3 class=\"bold\" style=\"padding-top: 8px;\">Rich Tea Biscuits<\/h3>\n<p>Der Englische Keksklassiker mit dem charakteristisch sahnigen Geschmack.<\/p>\n<p class=\"bold\" style=\"padding-top: 8px;\">\n<\/div>\n<p>[\/vc_column_text][\/vc_column_inner][vc_column_inner width=&#8220;1\/2&#8243; offset=&#8220;vc_col-lg-4 vc_col-md-6 vc_col-xs-12&#8243; css=&#8220;.vc_custom_1463749798825{margin-bottom: 20px !important;}&#8220;][vc_single_image image=&#8220;612&#8243; img_size=&#8220;500&#215;300&#8243;][vc_column_text]<\/p>\n<div class=\"featured_yellow small\">\n<h3 class=\"bold\" style=\"padding-top: 8px;\">Volkornkekse<\/h3>\n<p style=\"margin-bottom: 60px;\">Eine nat\u00fcrliche Kekssorte mit der Kraft aus Vollkornmehl. Auch mit ein weniger Sesam erh\u00e4ltlich.<\/p>\n<div style=\"position: absolute; right: 20px; bottom: 20px; max-width: 79%;\"><\/div>\n<\/div>\n<p>[\/vc_column_text][\/vc_column_inner][vc_column_inner width=&#8220;1\/2&#8243; offset=&#8220;vc_col-lg-4 vc_col-md-6 vc_col-xs-12&#8243; css=&#8220;.vc_custom_1463749805114{margin-bottom: 20px !important;}&#8220;][vc_single_image image=&#8220;608&#8243; img_size=&#8220;500&#215;300&#8243;][vc_column_text]<\/p>\n<div class=\"featured_yellow small\">\n<h3 class=\"bold\" style=\"padding-top: 8px;\">Marie\u00a0Biscuits<\/h3>\n<p>Ein knuspriger Keks mit k\u00f6stlichem Vanillegeschmack.<\/p>\n<\/div>\n<p>[\/vc_column_text][\/vc_column_inner][vc_column_inner width=&#8220;1\/2&#8243; offset=&#8220;vc_col-lg-4 vc_col-md-6 vc_col-xs-12&#8243; css=&#8220;.vc_custom_1463750279689{margin-bottom: 20px !important;}&#8220;][vc_single_image image=&#8220;610&#8243; img_size=&#8220;500&#215;300&#8243;][vc_column_text]<\/p>\n<div class=\"featured_yellow small\">\n<h3 class=\"bold\" style=\"padding-top: 8px;\">Weizenkekse<\/h3>\n<p>Vollweizenmehl mit nat\u00fcrlichen Ballaststoffen. Einfach unwiderstehlich!<\/p>\n<\/div>\n<p>[\/vc_column_text][\/vc_column_inner][vc_column_inner width=&#8220;1\/2&#8243; offset=&#8220;vc_col-lg-4 vc_col-md-6 vc_col-xs-12&#8243; css=&#8220;.vc_custom_1463749823269{margin-bottom: 20px !important;}&#8220;][vc_single_image image=&#8220;611&#8243; img_size=&#8220;500&#215;300&#8243;][vc_column_text]<\/p>\n<div class=\"featured_yellow small\">\n<h3 class=\"bold\" style=\"padding-top: 8px;\">Teekekse<\/h3>\n<p>Herrlich knusprige Kekse, die zu jeder Tageszeit gut schmecken.<\/p>\n<\/div>\n<p>[\/vc_column_text][\/vc_column_inner][vc_column_inner width=&#8220;1\/2&#8243; offset=&#8220;vc_col-lg-4 vc_col-md-6 vc_col-xs-12&#8243; css=&#8220;.vc_custom_1463749829785{margin-bottom: 20px !important;}&#8220;][vc_single_image image=&#8220;606&#8243; img_size=&#8220;500&#215;300&#8243;][vc_column_text]<\/p>\n<div class=\"featured_yellow small\">\n<h3 class=\"bold\" style=\"padding-top: 8px;\">Zimtkekse<\/h3>\n<p>Knusprige Kekse mit Zimt und Zucker.<\/p>\n<\/div>\n<p>[\/vc_column_text][\/vc_column_inner][vc_column_inner width=&#8220;1\/2&#8243; offset=&#8220;vc_col-lg-4 vc_col-md-6 vc_col-xs-12&#8243; css=&#8220;.vc_custom_1463749835319{margin-bottom: 20px !important;}&#8220;][vc_single_image image=&#8220;607&#8243; img_size=&#8220;500&#215;300&#8243;][vc_column_text]<\/p>\n<div class=\"featured_yellow small\">\n<h3 class=\"bold\" style=\"padding-top: 8px;\">Kokoskekse<\/h3>\n<p>Eine tropische K\u00f6stlichkeit mit einer Nuance Kokos und einer zus\u00e4tzlichen Feinzuckerglasur.<\/p>\n<\/div>\n<p>[\/vc_column_text][\/vc_column_inner][\/vc_row_inner][vc_row_inner css=&#8220;.vc_custom_1463659583100{margin-bottom: 20px !important;}&#8220;][vc_column_inner width=&#8220;1\/2&#8243; offset=&#8220;vc_col-lg-4 vc_col-md-6 vc_col-xs-12&#8243; css=&#8220;.vc_custom_1463749773525{margin-bottom: 20px !important;}&#8220;][vc_single_image image=&#8220;1043&#8243; img_size=&#8220;500&#215;300&#8243;][vc_column_text]<\/p>\n<div class=\"featured_yellow small\">\n<h3 class=\"bold\" style=\"padding-top: 8px;\">Digestive Biscuits\u00a0<strong>Milch<\/strong><\/h3>\n<p>Die Original-Digestives mit herrlicher Milchschokoladeglasur.<\/p>\n<\/div>\n<p>[\/vc_column_text][\/vc_column_inner][vc_column_inner width=&#8220;1\/2&#8243; offset=&#8220;vc_col-lg-4 vc_col-md-6 vc_col-xs-12&#8243; css=&#8220;.vc_custom_1463749782868{margin-bottom: 20px !important;}&#8220;][vc_single_image image=&#8220;1044&#8243; img_size=&#8220;500&#215;300&#8243;][vc_column_text]<\/p>\n<div class=\"featured_yellow small\">\n<h3 class=\"bold\" style=\"padding-top: 8px;\">Digestive Biscuits <strong>Zartbitter<\/strong><\/h3>\n<p>Die Original-Digestives mit herrlicher Zartbitterschokoladeglasur.<\/p>\n<\/div>\n<p>[\/vc_column_text][\/vc_column_inner][vc_column_inner width=&#8220;1\/2&#8243; offset=&#8220;vc_col-lg-4 vc_col-md-6 vc_col-xs-12&#8243; css=&#8220;.vc_custom_1463749791383{margin-bottom: 20px !important;}&#8220;][vc_single_image image=&#8220;1047&#8243; img_size=&#8220;500&#215;300&#8243;][vc_column_text]<\/p>\n<div class=\"featured_yellow small\">\n<h3 class=\"bold\" style=\"padding-top: 8px;\">Haferkekse mit Milchschokolade<\/h3>\n<p>Echte Haferkekse mit Milchschokolade &#8211; einfach k\u00f6stlich.<\/p>\n<p class=\"bold\" style=\"padding-top: 8px;\">\n<\/div>\n<p>[\/vc_column_text][\/vc_column_inner][vc_column_inner width=&#8220;1\/2&#8243; offset=&#8220;vc_col-lg-4 vc_col-md-6 vc_col-xs-12&#8243; css=&#8220;.vc_custom_1463749798825{margin-bottom: 20px !important;}&#8220;][vc_single_image image=&#8220;1051&#8243; img_size=&#8220;500&#215;300&#8243;][vc_column_text]<\/p>\n<div class=\"featured_yellow small\">\n<h3 class=\"bold\" style=\"padding-top: 8px;\">Tea Biscuits mit Milchschokolade<\/h3>\n<p>K\u00f6stlich sahniges Teegeb\u00e4ck, noch leckerer mit Milchschokolade.<\/p>\n<div style=\"position: absolute; right: 20px; bottom: 20px; max-width: 79%;\"><\/div>\n<\/div>\n<p>[\/vc_column_text][\/vc_column_inner][vc_column_inner width=&#8220;1\/2&#8243; offset=&#8220;vc_col-lg-4 vc_col-md-6 vc_col-xs-12&#8243; css=&#8220;.vc_custom_1463749805114{margin-bottom: 20px !important;}&#8220;][vc_single_image image=&#8220;1046&#8243; img_size=&#8220;500&#215;300&#8243;][vc_column_text]<\/p>\n<div class=\"featured_yellow small\">\n<h3 class=\"bold\" style=\"padding-top: 8px;\">Tea Biscuits mit Milchschokolade\/Gezuckert<\/h3>\n<p>K\u00f6stlich sahniges Teegeb\u00e4ck, noch leckerer mit Milchschokolade\u00a0und mit Zucker bestreut.<\/p>\n<div style=\"position: absolute; right: 20px; bottom: 20px; max-width: 79%;\"><\/div>\n<\/div>\n<p>[\/vc_column_text][\/vc_column_inner][vc_column_inner width=&#8220;1\/2&#8243; offset=&#8220;vc_col-lg-4 vc_col-md-6 vc_col-xs-12&#8243; css=&#8220;.vc_custom_1463750279689{margin-bottom: 20px !important;}&#8220;][vc_single_image image=&#8220;1045&#8243; img_size=&#8220;500&#215;300&#8243;][vc_column_text]<\/p>\n<div class=\"featured_yellow small\">\n<h3 class=\"bold\" style=\"padding-top: 8px;\">Tea Biscuits mit Zartbitter\/Gezuckert<\/h3>\n<p>K\u00f6stlich sahniges Teegeb\u00e4ck, noch leckerer mit Zartbitterschokolade\u00a0und mit Zucker bestreut.<\/p>\n<div style=\"position: absolute; right: 20px; bottom: 20px; max-width: 79%;\"><\/div>\n<\/div>\n<p>[\/vc_column_text][\/vc_column_inner][\/vc_row_inner][\/vc_column][\/vc_row][vc_row full_width=&#8220;stretch_row_content_no_spaces&#8220; el_class=&#8220;quick-block-holder&#8220;][vc_column]<div class=\"item_holder\" style=\"background-image: url('https:\/\/pallybiscuits.com\/wp-content\/themes\/pallybiscuits\/img\/footer_bg_left.jpg');\">\n<div class=\"item\" style=\"right: 0; bottom: 0; background-image: url('https:\/\/pallybiscuits.com\/wp-content\/themes\/pallybiscuits\/img\/footer_logo_trans_brown.png');\">\n<div class=\"title\"><span class=\"brown\">Unser Sortiment<\/span><\/div>\n<div class=\"content\">Das Sortiment von Pally besteht aus beliebten Kekssorten in verschiedenen Formen und Verpackungsvarianten. Auf Wunsch werden die Kekse mit einer k\u00f6stlichen Glasur aus Milch- oder Zartbitterschokolade \u00fcberzogen.<\/div>\n<\/div>\n<\/div>\n<div class=\"item_holder\" style=\"width: 34%; background-image: url('https:\/\/pallybiscuits.com\/wp-content\/themes\/pallybiscuits\/img\/footer_bg_middle.jpg');\">\n<div class=\"item js-horizontal-center\" style=\"bottom: 0px; left: 131px; background-image: url('https:\/\/pallybiscuits.com\/wp-content\/themes\/pallybiscuits\/img\/footer_logo_trans_blue.png');\">\n<div class=\"title\"><span class=\"blue\">Lieferbedingungen<\/span><\/div>\n<div class=\"content\">\n<p>De VBZ-Lieferbedingungen k\u00f6nnen hier heruntergeladen werden.<\/p>\n<ul>\n<li><span class=\"blue\">\u00bb<\/span> <a href=\"https:\/\/pallybiscuits.com\/wp-content\/uploads\/2019\/05\/20190326-Verkoopvoorwaarden-VBZ_NL.pdf\">VBZ lieferbedingungen (NL)<\/a><\/li>\n<li><span class=\"blue\">\u00bb<\/span> <a href=\"https:\/\/pallybiscuits.com\/wp-content\/uploads\/2019\/05\/20190326-Terms-of-Sale-VBZ_EN.pdf\">VBZ lieferbedingungen (EN)<\/a><\/li>\n<\/ul>\n<\/div>\n<\/div>\n<\/div>\n<div class=\"item_holder\" style=\"background-image: url('https:\/\/pallybiscuits.com\/wp-content\/themes\/pallybiscuits\/img\/footer_bg_right.jpg');\">\n<div class=\"item\" style=\"left: 0; bottom: 0; background-image: url('https:\/\/pallybiscuits.com\/wp-content\/themes\/pallybiscuits\/img\/footer_logo_trans_yellow.png');\">\n<div class=\"title\"><span class=\"yellow\">Qualit\u00e4t<\/span><\/div>\n<div class=\"content\">\n<p>Die Zertifizierungen von Pally Biscuits k\u00f6nnen hier heruntergeladen werden.<\/p>\n<ul class=\"imgholder-logos\">\n<li><img decoding=\"async\" src=\"https:\/\/pallybiscuits.com\/wp-content\/uploads\/2020\/03\/BRCGS_CERT_FOOD_LOGO_RGB.png\"><\/li>\n<li><img decoding=\"async\" src=\"https:\/\/pallybiscuits.com\/wp-content\/uploads\/2020\/03\/IFS_Food_Box_RGB.png\"><\/li>\n<li><img decoding=\"async\" src=\"https:\/\/pallybiscuits.com\/wp-content\/uploads\/2020\/03\/EU_Organic_Logo_Colour_Version_54x36mm_IsoC.png\"><\/li>\n<li><img decoding=\"async\" src=\"https:\/\/pallybiscuits.com\/wp-content\/uploads\/2020\/03\/Fairtrade-transparant.png\"><\/li>\n<p> \t<!--\n\n<li><img decoding=\"async\" src=\"https:\/\/pallybiscuits.com\/wp-content\/uploads\/2020\/03\/RSPO-Transparant.png\"><\/li>\n\n--><\/p>\n<li><img decoding=\"async\" src=\"https:\/\/pallybiscuits.com\/wp-content\/uploads\/2023\/11\/RA_Seal_Core_Green_and_White_RGB-e1602838216833.png\"><\/li>\n<li><img decoding=\"async\" src=\"https:\/\/pallybiscuits.com\/wp-content\/uploads\/2020\/03\/thumbnail_Vegan-Transparant.png\"><\/li>\n<\/ul>\n<\/div>\n<\/div>\n<\/div>\n[\/vc_column][\/vc_row]<\/p>\n","protected":false},"excerpt":{"rendered":"<p>[vc_row full_width=&#8220;stretch_row_content_no_spaces&#8220;][vc_column][\/vc_column][\/vc_row][vc_row css=&#8220;.vc_custom_1463061416289{margin-bottom: 30px !important;}&#8220;][vc_column css=&#8220;.vc_custom_1463659068932{margin-bottom: 30px !important;background-color: #f5f5f5 !important;}&#8220; offset=&#8220;vc_col-lg-3 vc_col-md-4 vc_col-xs-12&#8243;][\/vc_column][vc_column css=&#8220;.vc_custom_1463659109913{padding-top: 20px !important;}&#8220; offset=&#8220;vc_col-lg-9 vc_col-md-8 vc_col-xs-12&#8243;][vc_column_text css=&#8220;.vc_custom_1538042923541{padding-top: 40px !important;padding-left: 20px !important;}&#8220;]Die beliebtesten Kekssorten finden Sie in unserem Sortiment. Wir produzieren unsere Kekse ausschlie\u00dflich aus nat\u00fcrlichen Zutaten, unter anderem Weizenmehl aus der niederl\u00e4ndischen Provinz Zeeland, Sonnenblumen\u00f6l und UTZ-zertifizierter Schokolade. S\u00e4mtliche Kekse von Pally [&hellip;]<\/p>\n","protected":false},"author":1,"featured_media":0,"parent":0,"menu_order":0,"comment_status":"closed","ping_status":"closed","template":"","meta":{"_acf_changed":false,"footnotes":""},"class_list":["post-867","page","type-page","status-publish","hentry"],"acf":[],"_links":{"self":[{"href":"https:\/\/pallybiscuits.com\/de\/wp-json\/wp\/v2\/pages\/867","targetHints":{"allow":["GET"]}}],"collection":[{"href":"https:\/\/pallybiscuits.com\/de\/wp-json\/wp\/v2\/pages"}],"about":[{"href":"https:\/\/pallybiscuits.com\/de\/wp-json\/wp\/v2\/types\/page"}],"author":[{"embeddable":true,"href":"https:\/\/pallybiscuits.com\/de\/wp-json\/wp\/v2\/users\/1"}],"replies":[{"embeddable":true,"href":"https:\/\/pallybiscuits.com\/de\/wp-json\/wp\/v2\/comments?post=867"}],"version-history":[{"count":13,"href":"https:\/\/pallybiscuits.com\/de\/wp-json\/wp\/v2\/pages\/867\/revisions"}],"predecessor-version":[{"id":1055,"href":"https:\/\/pallybiscuits.com\/de\/wp-json\/wp\/v2\/pages\/867\/revisions\/1055"}],"wp:attachment":[{"href":"https:\/\/pallybiscuits.com\/de\/wp-json\/wp\/v2\/media?parent=867"}],"curies":[{"name":"wp","href":"https:\/\/api.w.org\/{rel}","templated":true}]}}