{"id":872,"date":"2016-05-03T09:03:01","date_gmt":"2016-05-03T07:03:01","guid":{"rendered":"https:\/\/pallybiscuits.com\/klantinfo\/"},"modified":"2019-08-08T16:15:14","modified_gmt":"2019-08-08T14:15:14","slug":"kundeninfo","status":"publish","type":"page","link":"https:\/\/pallybiscuits.com\/de\/kundeninfo\/","title":{"rendered":"Kundeninfo"},"content":{"rendered":"<p>[vc_row full_width=&#8220;stretch_row_content_no_spaces&#8220;][vc_column]<div class=\"banner b3\">\r\n<div class=\"banner-text\">\r\n<h1>Wir liefern A-Marken-Qualit\u00e4t<br \/>\r\nzu attraktiven Preisen<\/h1>\r\n<\/div>\r\n<\/div>[\/vc_column][\/vc_row][vc_row][vc_column offset=&#8220;vc_col-lg-9 vc_col-md-8 vc_col-xs-12&#8243;][vc_column_text css=&#8220;.vc_custom_1534505653123{padding-top: 15px !important;}&#8220;]<\/p>\n<h2 class=\"bold\">Kundeninfo<\/h2>\n<h3>Pally Biscuits ist ein finanziell gesundes, selbst\u00e4ndiges, ambitioniertes und sehr energisches niederl\u00e4ndisches Unternehmen. Unser Fokus liegt ganz auf der Herstellung schnelldrehender Privatlabel-Kekse. \u00a0Pally geh\u00f6rt zu den Marktf\u00fchrern in Nordwesteuropa.<\/h3>\n<p>[\/vc_column_text][vc_column_text css=&#8220;.vc_custom_1534505681750{padding-top: 30px !important;}&#8220;]<\/p>\n<h4>Leitgedanke von Pally<\/h4>\n<p>Die W\u00fcnsche und Anforderungen unserer Kunden haben bei uns h\u00f6chste Priorit\u00e4t. Das bedeutet, dass kundenorientiertes Denken und Arbeiten im Mittelpunkt stehen und wir uns stets fragen, wie wir den Umsatz und die Gewinne unserer Kunden optimieren k\u00f6nnen.[\/vc_column_text][vc_column_text css=&#8220;.vc_custom_1534505738793{padding-top: 30px !important;padding-bottom: 60px !important;}&#8220;]<\/p>\n<h4>Pally&#8217;s Transparenz und Kostenoffenlegung<\/h4>\n<p>Ein intelligentes Vorgehen beim Rohstoffeinkauf und eine hocheffiziente Produktion unter Einhaltung aller aktuellen Qualit\u00e4ts- und Hygieneanforderungen bilden die Grundlage f\u00fcr beidseitigen Erfolg. Wir streben nach langfristigen Partnerschaften mit unseren Gesch\u00e4ftspartnern auf der Grundlage von Kostenoffenlegung, Ehrlichkeit, Transparenz und Effizienz. Als Kunde k\u00f6nnen Sie zu jedem gew\u00fcnschten Zeitpunkt Einblick in die Entwicklung der wichtigsten Rohstoffpreise und die Konsequenzen f\u00fcr den Selbstkostenpreis Ihrer Produkte erhalten. Wir informieren Sie gerne \u00fcber die gegenseitigen Vorteile.[\/vc_column_text][\/vc_column][vc_column width=&#8220;11\/12&#8243; el_class=&#8220;featured_blue&#8220; offset=&#8220;vc_col-lg-3 vc_col-md-4 vc_col-xs-12&#8243;][vc_column_text css=&#8220;.vc_custom_1534505768646{padding-top: 20px !important;padding-right: 15px !important;padding-left: 15px !important;}&#8220;]<\/p>\n<h3>Login f\u00fcr aktuelle Informationen<\/h3>\n<p>&nbsp;<\/p>\n<p>Sie k\u00f6nnen sich auf unserer Website stets \u00fcber die aktuelle Entwicklung der wichtigsten Rohstoffpreise und die Konsequenzen f\u00fcr den Selbstkostenpreis Ihrer Produkte informieren.<\/p>\n<div style=\"width: 100%; text-align: right; display: none;\"><a href=\"#\">INLOGGEN<\/a> \u00a0 <img decoding=\"async\" style=\"display: inline-block;\" src=\"https:\/\/pallybiscuits.com\/wp-content\/themes\/pallybiscuits\/img\/icon_submit.png\" \/><\/div>\n<p>[\/vc_column_text]<div style=\"padding-left:15px;padding-right:15px;\">\n    <form name=\"user-login-form_3913\" id=\"user-login-form_3913\" action=\"\" method=\"post\">\n        <input type=\"hidden\" name=\"custom-login-form\" value=\"true\">\n        <p><input id=\"user-login-form_3913_user_login\" type=\"text\" size=\"20\" value=\"\" name=\"user_login\" placeholder=\"Benutzername\"><\/p>\n        <p><input id=\"user-login-form_3913_user_pass\" type=\"password\" size=\"20\" value=\"\" name=\"user_pass\" placeholder=\"Passwort\"><\/p>\n                <div style=\"margin-bottom:30px;width: 100%; text-align: right;\"><a href=\"#\" onclick=\"event.preventDefault();jQuery('form').submit();\">Einloggen<\/a> &nbsp; <img decoding=\"async\" style=\"display: inline-block;\" src=\"https:\/\/pallybiscuits.com\/wp-content\/themes\/pallybiscuits\/img\/icon_submit.png\"><\/div>\n    <\/form>\n<\/div>\n[\/vc_column][\/vc_row][vc_row full_width=&#8220;stretch_row_content_no_spaces&#8220; el_class=&#8220;quick-block-holder&#8220;][vc_column]<div class=\"item_holder\" style=\"background-image: url('https:\/\/pallybiscuits.com\/wp-content\/themes\/pallybiscuits\/img\/footer_bg_left.jpg');\">\n<div class=\"item\" style=\"right: 0; bottom: 0; background-image: url('https:\/\/pallybiscuits.com\/wp-content\/themes\/pallybiscuits\/img\/footer_logo_trans_brown.png');\">\n<div class=\"title\"><span class=\"brown\">Unser Sortiment<\/span><\/div>\n<div class=\"content\">Das Sortiment von Pally besteht aus beliebten Kekssorten in verschiedenen Formen und Verpackungsvarianten. Auf Wunsch werden die Kekse mit einer k\u00f6stlichen Glasur aus Milch- oder Zartbitterschokolade \u00fcberzogen.<\/div>\n<\/div>\n<\/div>\n<div class=\"item_holder\" style=\"width: 34%; background-image: url('https:\/\/pallybiscuits.com\/wp-content\/themes\/pallybiscuits\/img\/footer_bg_middle.jpg');\">\n<div class=\"item js-horizontal-center\" style=\"bottom: 0px; left: 131px; background-image: url('https:\/\/pallybiscuits.com\/wp-content\/themes\/pallybiscuits\/img\/footer_logo_trans_blue.png');\">\n<div class=\"title\"><span class=\"blue\">Lieferbedingungen<\/span><\/div>\n<div class=\"content\">\n<p>De VBZ-Lieferbedingungen k\u00f6nnen hier heruntergeladen werden.<\/p>\n<ul>\n<li><span class=\"blue\">\u00bb<\/span> <a href=\"https:\/\/pallybiscuits.com\/wp-content\/uploads\/2019\/05\/20190326-Verkoopvoorwaarden-VBZ_NL.pdf\">VBZ lieferbedingungen (NL)<\/a><\/li>\n<li><span class=\"blue\">\u00bb<\/span> <a href=\"https:\/\/pallybiscuits.com\/wp-content\/uploads\/2019\/05\/20190326-Terms-of-Sale-VBZ_EN.pdf\">VBZ lieferbedingungen (EN)<\/a><\/li>\n<\/ul>\n<\/div>\n<\/div>\n<\/div>\n<div class=\"item_holder\" style=\"background-image: url('https:\/\/pallybiscuits.com\/wp-content\/themes\/pallybiscuits\/img\/footer_bg_right.jpg');\">\n<div class=\"item\" style=\"left: 0; bottom: 0; background-image: url('https:\/\/pallybiscuits.com\/wp-content\/themes\/pallybiscuits\/img\/footer_logo_trans_yellow.png');\">\n<div class=\"title\"><span class=\"yellow\">Qualit\u00e4t<\/span><\/div>\n<div class=\"content\">\n<p>Die Zertifizierungen von Pally Biscuits k\u00f6nnen hier heruntergeladen werden.<\/p>\n<ul class=\"imgholder-logos\">\n<li><img decoding=\"async\" src=\"https:\/\/pallybiscuits.com\/wp-content\/uploads\/2020\/03\/BRCGS_CERT_FOOD_LOGO_RGB.png\"><\/li>\n<li><img decoding=\"async\" src=\"https:\/\/pallybiscuits.com\/wp-content\/uploads\/2020\/03\/IFS_Food_Box_RGB.png\"><\/li>\n<li><img decoding=\"async\" src=\"https:\/\/pallybiscuits.com\/wp-content\/uploads\/2020\/03\/EU_Organic_Logo_Colour_Version_54x36mm_IsoC.png\"><\/li>\n<li><img decoding=\"async\" src=\"https:\/\/pallybiscuits.com\/wp-content\/uploads\/2020\/03\/Fairtrade-transparant.png\"><\/li>\n<p> \t<!--\n\n<li><img decoding=\"async\" src=\"https:\/\/pallybiscuits.com\/wp-content\/uploads\/2020\/03\/RSPO-Transparant.png\"><\/li>\n\n--><\/p>\n<li><img decoding=\"async\" src=\"https:\/\/pallybiscuits.com\/wp-content\/uploads\/2023\/11\/RA_Seal_Core_Green_and_White_RGB-e1602838216833.png\"><\/li>\n<li><img decoding=\"async\" src=\"https:\/\/pallybiscuits.com\/wp-content\/uploads\/2020\/03\/thumbnail_Vegan-Transparant.png\"><\/li>\n<\/ul>\n<\/div>\n<\/div>\n<\/div>\n[\/vc_column][\/vc_row]<\/p>\n","protected":false},"excerpt":{"rendered":"<p>[vc_row full_width=&#8220;stretch_row_content_no_spaces&#8220;][vc_column][\/vc_column][\/vc_row][vc_row][vc_column offset=&#8220;vc_col-lg-9 vc_col-md-8 vc_col-xs-12&#8243;][vc_column_text css=&#8220;.vc_custom_1534505653123{padding-top: 15px !important;}&#8220;] Kundeninfo Pally Biscuits ist ein finanziell gesundes, selbst\u00e4ndiges, ambitioniertes und sehr energisches niederl\u00e4ndisches Unternehmen. Unser Fokus liegt ganz auf der Herstellung schnelldrehender Privatlabel-Kekse. \u00a0Pally geh\u00f6rt zu den Marktf\u00fchrern in Nordwesteuropa. [\/vc_column_text][vc_column_text css=&#8220;.vc_custom_1534505681750{padding-top: 30px !important;}&#8220;] Leitgedanke von Pally Die W\u00fcnsche und Anforderungen unserer Kunden haben bei uns h\u00f6chste [&hellip;]<\/p>\n","protected":false},"author":1,"featured_media":0,"parent":0,"menu_order":0,"comment_status":"closed","ping_status":"closed","template":"","meta":{"_acf_changed":false,"footnotes":""},"class_list":["post-872","page","type-page","status-publish","hentry"],"acf":[],"_links":{"self":[{"href":"https:\/\/pallybiscuits.com\/de\/wp-json\/wp\/v2\/pages\/872","targetHints":{"allow":["GET"]}}],"collection":[{"href":"https:\/\/pallybiscuits.com\/de\/wp-json\/wp\/v2\/pages"}],"about":[{"href":"https:\/\/pallybiscuits.com\/de\/wp-json\/wp\/v2\/types\/page"}],"author":[{"embeddable":true,"href":"https:\/\/pallybiscuits.com\/de\/wp-json\/wp\/v2\/users\/1"}],"replies":[{"embeddable":true,"href":"https:\/\/pallybiscuits.com\/de\/wp-json\/wp\/v2\/comments?post=872"}],"version-history":[{"count":3,"href":"https:\/\/pallybiscuits.com\/de\/wp-json\/wp\/v2\/pages\/872\/revisions"}],"predecessor-version":[{"id":921,"href":"https:\/\/pallybiscuits.com\/de\/wp-json\/wp\/v2\/pages\/872\/revisions\/921"}],"wp:attachment":[{"href":"https:\/\/pallybiscuits.com\/de\/wp-json\/wp\/v2\/media?parent=872"}],"curies":[{"name":"wp","href":"https:\/\/api.w.org\/{rel}","templated":true}]}}