{"id":925,"date":"2016-05-12T09:47:00","date_gmt":"2016-05-12T07:47:00","guid":{"rendered":"https:\/\/pallybiscuits.com\/disclaimer\/"},"modified":"2018-08-17T14:28:16","modified_gmt":"2018-08-17T12:28:16","slug":"haftungsausschluss","status":"publish","type":"page","link":"https:\/\/pallybiscuits.com\/de\/haftungsausschluss\/","title":{"rendered":"Haftungsausschluss"},"content":{"rendered":"<p>[vc_row full_width=&#8220;stretch_row_content_no_spaces&#8220;][vc_column]<div class=\"banner b5\">\r\n<div class=\"banner-text\">\r\n<h1>Pally, der Spezialist\r\nf\u00fcr s\u00fc\u00dfe Kekse<\/h1>\r\n<\/div>\r\n<\/div>[\/vc_column][\/vc_row][vc_row][vc_column width=&#8220;3\/4&#8243;][vc_column_text css=&#8220;.vc_custom_1534508866388{padding-top: 15px !important;}&#8220;]<\/p>\n<h2 class=\"bold\">Haftungsausschluss<\/h2>\n<h3>Auf dieser Website werden Informationen \u00fcber die Dienstleistungen der Pally Biscuits\u00a0BV bereitgestellt. Obwohl wir der Richtigkeit dieser Informationen besondere Sorgfalt widmen, sind Unrichtigkeiten nicht v\u00f6llig auszuschlie\u00dfen. Wir \u00fcbernehmen keine Haftung f\u00fcr Sch\u00e4den aufgrund von Unrichtigkeit oder Unvollst\u00e4ndigkeit der bereitgestellten Informationen.<\/h3>\n<p>[\/vc_column_text][vc_column_text css=&#8220;.vc_custom_1534508884333{padding-top: 30px !important;}&#8220;]<\/p>\n<h4>Datenschutzerkl\u00e4rung<\/h4>\n<p>Wir respektieren und sch\u00fctzen die Privatsph\u00e4re der Besucher unserer Website und werden alle Angaben, die Sie uns \u00fcber diese Website bereitstellen, vertraulich behandeln. Ihre Daten werden lediglich dazu genutzt, Ihnen Informationen zu senden oder Kontakt zu Ihnen aufzunehmen. Ihre Daten werden nicht an Dritte weitergegeben.[\/vc_column_text][vc_column_text css=&#8220;.vc_custom_1462988986269{padding-top: 30px !important;padding-bottom: 60px !important;}&#8220;]<\/p>\n<p>[\/vc_column_text][\/vc_column][vc_column width=&#8220;1\/4&#8243;][vc_single_image source=&#8220;external_link&#8220; custom_src=&#8220;https:\/\/pallybiscuits.com\/wp-content\/themes\/pallybiscuits\/img\/header_biscuit.png&#8220; css=&#8220;.vc_custom_1462989122493{padding-top: 150px !important;}&#8220;][\/vc_column][\/vc_row][vc_row full_width=&#8220;stretch_row_content_no_spaces&#8220; el_class=&#8220;quick-block-holder&#8220;][vc_column]<div class=\"item_holder\" style=\"background-image: url('https:\/\/pallybiscuits.com\/wp-content\/themes\/pallybiscuits\/img\/footer_bg_left.jpg');\">\n<div class=\"item\" style=\"right: 0; bottom: 0; background-image: url('https:\/\/pallybiscuits.com\/wp-content\/themes\/pallybiscuits\/img\/footer_logo_trans_brown.png');\">\n<div class=\"title\"><span class=\"brown\">Unser Sortiment<\/span><\/div>\n<div class=\"content\">Das Sortiment von Pally besteht aus beliebten Kekssorten in verschiedenen Formen und Verpackungsvarianten. Auf Wunsch werden die Kekse mit einer k\u00f6stlichen Glasur aus Milch- oder Zartbitterschokolade \u00fcberzogen.<\/div>\n<\/div>\n<\/div>\n<div class=\"item_holder\" style=\"width: 34%; background-image: url('https:\/\/pallybiscuits.com\/wp-content\/themes\/pallybiscuits\/img\/footer_bg_middle.jpg');\">\n<div class=\"item js-horizontal-center\" style=\"bottom: 0px; left: 131px; background-image: url('https:\/\/pallybiscuits.com\/wp-content\/themes\/pallybiscuits\/img\/footer_logo_trans_blue.png');\">\n<div class=\"title\"><span class=\"blue\">Lieferbedingungen<\/span><\/div>\n<div class=\"content\">\n<p>De VBZ-Lieferbedingungen k\u00f6nnen hier heruntergeladen werden.<\/p>\n<ul>\n<li><span class=\"blue\">\u00bb<\/span> <a href=\"https:\/\/pallybiscuits.com\/wp-content\/uploads\/2019\/05\/20190326-Verkoopvoorwaarden-VBZ_NL.pdf\">VBZ lieferbedingungen (NL)<\/a><\/li>\n<li><span class=\"blue\">\u00bb<\/span> <a href=\"https:\/\/pallybiscuits.com\/wp-content\/uploads\/2019\/05\/20190326-Terms-of-Sale-VBZ_EN.pdf\">VBZ lieferbedingungen (EN)<\/a><\/li>\n<\/ul>\n<\/div>\n<\/div>\n<\/div>\n<div class=\"item_holder\" style=\"background-image: url('https:\/\/pallybiscuits.com\/wp-content\/themes\/pallybiscuits\/img\/footer_bg_right.jpg');\">\n<div class=\"item\" style=\"left: 0; bottom: 0; background-image: url('https:\/\/pallybiscuits.com\/wp-content\/themes\/pallybiscuits\/img\/footer_logo_trans_yellow.png');\">\n<div class=\"title\"><span class=\"yellow\">Qualit\u00e4t<\/span><\/div>\n<div class=\"content\">\n<p>Die Zertifizierungen von Pally Biscuits k\u00f6nnen hier heruntergeladen werden.<\/p>\n<ul class=\"imgholder-logos\">\n<li><img decoding=\"async\" src=\"https:\/\/pallybiscuits.com\/wp-content\/uploads\/2020\/03\/BRCGS_CERT_FOOD_LOGO_RGB.png\"><\/li>\n<li><img decoding=\"async\" src=\"https:\/\/pallybiscuits.com\/wp-content\/uploads\/2020\/03\/IFS_Food_Box_RGB.png\"><\/li>\n<li><img decoding=\"async\" src=\"https:\/\/pallybiscuits.com\/wp-content\/uploads\/2020\/03\/EU_Organic_Logo_Colour_Version_54x36mm_IsoC.png\"><\/li>\n<li><img decoding=\"async\" src=\"https:\/\/pallybiscuits.com\/wp-content\/uploads\/2020\/03\/Fairtrade-transparant.png\"><\/li>\n<p> \t<!--\n\n<li><img decoding=\"async\" src=\"https:\/\/pallybiscuits.com\/wp-content\/uploads\/2020\/03\/RSPO-Transparant.png\"><\/li>\n\n--><\/p>\n<li><img decoding=\"async\" src=\"https:\/\/pallybiscuits.com\/wp-content\/uploads\/2023\/11\/RA_Seal_Core_Green_and_White_RGB-e1602838216833.png\"><\/li>\n<li><img decoding=\"async\" src=\"https:\/\/pallybiscuits.com\/wp-content\/uploads\/2020\/03\/thumbnail_Vegan-Transparant.png\"><\/li>\n<\/ul>\n<\/div>\n<\/div>\n<\/div>\n[\/vc_column][\/vc_row]<\/p>\n","protected":false},"excerpt":{"rendered":"<p>[vc_row full_width=&#8220;stretch_row_content_no_spaces&#8220;][vc_column][\/vc_column][\/vc_row][vc_row][vc_column width=&#8220;3\/4&#8243;][vc_column_text css=&#8220;.vc_custom_1534508866388{padding-top: 15px !important;}&#8220;] Haftungsausschluss Auf dieser Website werden Informationen \u00fcber die Dienstleistungen der Pally Biscuits\u00a0BV bereitgestellt. Obwohl wir der Richtigkeit dieser Informationen besondere Sorgfalt widmen, sind Unrichtigkeiten nicht v\u00f6llig auszuschlie\u00dfen. Wir \u00fcbernehmen keine Haftung f\u00fcr Sch\u00e4den aufgrund von Unrichtigkeit oder Unvollst\u00e4ndigkeit der bereitgestellten Informationen. [\/vc_column_text][vc_column_text css=&#8220;.vc_custom_1534508884333{padding-top: 30px !important;}&#8220;] Datenschutzerkl\u00e4rung Wir respektieren und [&hellip;]<\/p>\n","protected":false},"author":1,"featured_media":0,"parent":0,"menu_order":0,"comment_status":"closed","ping_status":"closed","template":"","meta":{"_acf_changed":false,"footnotes":""},"class_list":["post-925","page","type-page","status-publish","hentry"],"acf":[],"_links":{"self":[{"href":"https:\/\/pallybiscuits.com\/de\/wp-json\/wp\/v2\/pages\/925","targetHints":{"allow":["GET"]}}],"collection":[{"href":"https:\/\/pallybiscuits.com\/de\/wp-json\/wp\/v2\/pages"}],"about":[{"href":"https:\/\/pallybiscuits.com\/de\/wp-json\/wp\/v2\/types\/page"}],"author":[{"embeddable":true,"href":"https:\/\/pallybiscuits.com\/de\/wp-json\/wp\/v2\/users\/1"}],"replies":[{"embeddable":true,"href":"https:\/\/pallybiscuits.com\/de\/wp-json\/wp\/v2\/comments?post=925"}],"version-history":[{"count":10,"href":"https:\/\/pallybiscuits.com\/de\/wp-json\/wp\/v2\/pages\/925\/revisions"}],"predecessor-version":[{"id":962,"href":"https:\/\/pallybiscuits.com\/de\/wp-json\/wp\/v2\/pages\/925\/revisions\/962"}],"wp:attachment":[{"href":"https:\/\/pallybiscuits.com\/de\/wp-json\/wp\/v2\/media?parent=925"}],"curies":[{"name":"wp","href":"https:\/\/api.w.org\/{rel}","templated":true}]}}