{"id":944,"date":"2016-05-12T10:17:01","date_gmt":"2016-05-12T08:17:01","guid":{"rendered":"https:\/\/pallybiscuits.com\/algemene-voorwaarden\/"},"modified":"2018-08-17T14:26:37","modified_gmt":"2018-08-17T12:26:37","slug":"allgemeine-geschaftsbedingungen","status":"publish","type":"page","link":"https:\/\/pallybiscuits.com\/de\/allgemeine-geschaftsbedingungen\/","title":{"rendered":"Allgemeine Gesch\u00e4ftsbedingungen"},"content":{"rendered":"<p>[vc_row full_width=&#8220;stretch_row_content_no_spaces&#8220;][vc_column]<div class=\"banner b5\">\r\n<div class=\"banner-text\">\r\n<h1>Pally, der Spezialist\r\nf\u00fcr s\u00fc\u00dfe Kekse<\/h1>\r\n<\/div>\r\n<\/div>[\/vc_column][\/vc_row][vc_row][vc_column width=&#8220;3\/4&#8243;][vc_column_text css=&#8220;.vc_custom_1534508684092{padding-top: 15px !important;}&#8220;]<\/p>\n<h2 class=\"bold\">Allgemeine Gesch\u00e4ftsbedingungen<\/h2>\n<p>Die allgemeinen Gesch\u00e4ftsbedingungen von Pally Biscuits k\u00f6nnen hier heruntergeladen werden.[\/vc_column_text][vc_column_text css=&#8220;.vc_custom_1534508796811{padding-top: 30px !important;}&#8220;]<a href=\"https:\/\/pallybiscuits.com\/wp-content\/uploads\/2016\/05\/coveg-okt2010-DE.pdf\">Allgemeine Gesch\u00e4ftsbedingungen<\/a>[\/vc_column_text][vc_column_text css=&#8220;.vc_custom_1462988986269{padding-top: 30px !important;padding-bottom: 60px !important;}&#8220;]<\/p>\n<p>[\/vc_column_text][\/vc_column][vc_column width=&#8220;1\/4&#8243;][vc_single_image source=&#8220;external_link&#8220; custom_src=&#8220;https:\/\/pallybiscuits.com\/wp-content\/themes\/pallybiscuits\/img\/header_biscuit.png&#8220; css=&#8220;.vc_custom_1462989122493{padding-top: 150px !important;}&#8220;][\/vc_column][\/vc_row][vc_row full_width=&#8220;stretch_row_content_no_spaces&#8220; el_class=&#8220;quick-block-holder&#8220;][vc_column]<div class=\"item_holder\" style=\"background-image: url('https:\/\/pallybiscuits.com\/wp-content\/themes\/pallybiscuits\/img\/footer_bg_left.jpg');\">\n<div class=\"item\" style=\"right: 0; bottom: 0; background-image: url('https:\/\/pallybiscuits.com\/wp-content\/themes\/pallybiscuits\/img\/footer_logo_trans_brown.png');\">\n<div class=\"title\"><span class=\"brown\">Unser Sortiment<\/span><\/div>\n<div class=\"content\">Das Sortiment von Pally besteht aus beliebten Kekssorten in verschiedenen Formen und Verpackungsvarianten. Auf Wunsch werden die Kekse mit einer k\u00f6stlichen Glasur aus Milch- oder Zartbitterschokolade \u00fcberzogen.<\/div>\n<\/div>\n<\/div>\n<div class=\"item_holder\" style=\"width: 34%; background-image: url('https:\/\/pallybiscuits.com\/wp-content\/themes\/pallybiscuits\/img\/footer_bg_middle.jpg');\">\n<div class=\"item js-horizontal-center\" style=\"bottom: 0px; left: 131px; background-image: url('https:\/\/pallybiscuits.com\/wp-content\/themes\/pallybiscuits\/img\/footer_logo_trans_blue.png');\">\n<div class=\"title\"><span class=\"blue\">Lieferbedingungen<\/span><\/div>\n<div class=\"content\">\n<p>De VBZ-Lieferbedingungen k\u00f6nnen hier heruntergeladen werden.<\/p>\n<ul>\n<li><span class=\"blue\">\u00bb<\/span> <a href=\"https:\/\/pallybiscuits.com\/wp-content\/uploads\/2019\/05\/20190326-Verkoopvoorwaarden-VBZ_NL.pdf\">VBZ lieferbedingungen (NL)<\/a><\/li>\n<li><span class=\"blue\">\u00bb<\/span> <a href=\"https:\/\/pallybiscuits.com\/wp-content\/uploads\/2019\/05\/20190326-Terms-of-Sale-VBZ_EN.pdf\">VBZ lieferbedingungen (EN)<\/a><\/li>\n<\/ul>\n<\/div>\n<\/div>\n<\/div>\n<div class=\"item_holder\" style=\"background-image: url('https:\/\/pallybiscuits.com\/wp-content\/themes\/pallybiscuits\/img\/footer_bg_right.jpg');\">\n<div class=\"item\" style=\"left: 0; bottom: 0; background-image: url('https:\/\/pallybiscuits.com\/wp-content\/themes\/pallybiscuits\/img\/footer_logo_trans_yellow.png');\">\n<div class=\"title\"><span class=\"yellow\">Qualit\u00e4t<\/span><\/div>\n<div class=\"content\">\n<p>Die Zertifizierungen von Pally Biscuits k\u00f6nnen hier heruntergeladen werden.<\/p>\n<ul class=\"imgholder-logos\">\n<li><img decoding=\"async\" src=\"https:\/\/pallybiscuits.com\/wp-content\/uploads\/2020\/03\/BRCGS_CERT_FOOD_LOGO_RGB.png\"><\/li>\n<li><img decoding=\"async\" src=\"https:\/\/pallybiscuits.com\/wp-content\/uploads\/2020\/03\/IFS_Food_Box_RGB.png\"><\/li>\n<li><img decoding=\"async\" src=\"https:\/\/pallybiscuits.com\/wp-content\/uploads\/2020\/03\/EU_Organic_Logo_Colour_Version_54x36mm_IsoC.png\"><\/li>\n<li><img decoding=\"async\" src=\"https:\/\/pallybiscuits.com\/wp-content\/uploads\/2020\/03\/Fairtrade-transparant.png\"><\/li>\n<p> \t<!--\n\n<li><img decoding=\"async\" src=\"https:\/\/pallybiscuits.com\/wp-content\/uploads\/2020\/03\/RSPO-Transparant.png\"><\/li>\n\n--><\/p>\n<li><img decoding=\"async\" src=\"https:\/\/pallybiscuits.com\/wp-content\/uploads\/2023\/11\/RA_Seal_Core_Green_and_White_RGB-e1602838216833.png\"><\/li>\n<li><img decoding=\"async\" src=\"https:\/\/pallybiscuits.com\/wp-content\/uploads\/2020\/03\/thumbnail_Vegan-Transparant.png\"><\/li>\n<\/ul>\n<\/div>\n<\/div>\n<\/div>\n[\/vc_column][\/vc_row]<\/p>\n","protected":false},"excerpt":{"rendered":"<p>[vc_row full_width=&#8220;stretch_row_content_no_spaces&#8220;][vc_column][\/vc_column][\/vc_row][vc_row][vc_column width=&#8220;3\/4&#8243;][vc_column_text css=&#8220;.vc_custom_1534508684092{padding-top: 15px !important;}&#8220;] Allgemeine Gesch\u00e4ftsbedingungen Die allgemeinen Gesch\u00e4ftsbedingungen von Pally Biscuits k\u00f6nnen hier heruntergeladen werden.[\/vc_column_text][vc_column_text css=&#8220;.vc_custom_1534508796811{padding-top: 30px !important;}&#8220;]Allgemeine Gesch\u00e4ftsbedingungen[\/vc_column_text][vc_column_text css=&#8220;.vc_custom_1462988986269{padding-top: 30px !important;padding-bottom: 60px !important;}&#8220;] [\/vc_column_text][\/vc_column][vc_column width=&#8220;1\/4&#8243;][vc_single_image source=&#8220;external_link&#8220; custom_src=&#8220;https:\/\/pallybiscuits.com\/wp-content\/themes\/pallybiscuits\/img\/header_biscuit.png&#8220; css=&#8220;.vc_custom_1462989122493{padding-top: 150px !important;}&#8220;][\/vc_column][\/vc_row][vc_row full_width=&#8220;stretch_row_content_no_spaces&#8220; el_class=&#8220;quick-block-holder&#8220;][vc_column][\/vc_column][\/vc_row]<\/p>\n","protected":false},"author":1,"featured_media":0,"parent":0,"menu_order":0,"comment_status":"closed","ping_status":"closed","template":"","meta":{"_acf_changed":false,"footnotes":""},"class_list":["post-944","page","type-page","status-publish","hentry"],"acf":[],"_links":{"self":[{"href":"https:\/\/pallybiscuits.com\/de\/wp-json\/wp\/v2\/pages\/944","targetHints":{"allow":["GET"]}}],"collection":[{"href":"https:\/\/pallybiscuits.com\/de\/wp-json\/wp\/v2\/pages"}],"about":[{"href":"https:\/\/pallybiscuits.com\/de\/wp-json\/wp\/v2\/types\/page"}],"author":[{"embeddable":true,"href":"https:\/\/pallybiscuits.com\/de\/wp-json\/wp\/v2\/users\/1"}],"replies":[{"embeddable":true,"href":"https:\/\/pallybiscuits.com\/de\/wp-json\/wp\/v2\/comments?post=944"}],"version-history":[{"count":7,"href":"https:\/\/pallybiscuits.com\/de\/wp-json\/wp\/v2\/pages\/944\/revisions"}],"predecessor-version":[{"id":961,"href":"https:\/\/pallybiscuits.com\/de\/wp-json\/wp\/v2\/pages\/944\/revisions\/961"}],"wp:attachment":[{"href":"https:\/\/pallybiscuits.com\/de\/wp-json\/wp\/v2\/media?parent=944"}],"curies":[{"name":"wp","href":"https:\/\/api.w.org\/{rel}","templated":true}]}}