{"id":1099,"date":"2019-07-09T16:43:56","date_gmt":"2019-07-09T14:43:56","guid":{"rendered":"https:\/\/pallybiscuits.com\/?page_id=1099"},"modified":"2019-08-08T15:37:02","modified_gmt":"2019-08-08T13:37:02","slug":"nuestro-surtido","status":"publish","type":"page","link":"https:\/\/pallybiscuits.com\/es\/nuestro-surtido\/","title":{"rendered":"Nuestro surtido"},"content":{"rendered":"<p>[vc_row full_width=\u00bbstretch_row_content_no_spaces\u00bb][vc_column]<div class=\"banner b2\">\r\n<div class=\"banner-text\">\r\n<h1>Pally destaca en el mercado<br \/> de las galletas dulces<\/h1>\r\n<\/div>\r\n<\/div>[\/vc_column][\/vc_row][vc_row css=\u00bb.vc_custom_1463061416289{margin-bottom: 30px !important;}\u00bb][vc_column css=\u00bb.vc_custom_1463659068932{margin-bottom: 30px !important;background-color: #f5f5f5 !important;}\u00bb offset=\u00bbvc_col-lg-3 vc_col-md-4 vc_col-xs-12&#8243;]<h2 class=\"bold\">Nuestro surtido<\/h2>\r\n&nbsp;\r\n<h3 class=\"blue bold\" style=\"padding-top: 8px;\">Productos especiales<\/h3>\r\n<div class=\"featured_blue small\">\r\n<h3 class=\"bold\" style=\"padding-top: 8px;\">Marca blanca<\/h3>\r\nPally Biscuits es la empresa l\u00edder en el mercado de productos de marca blanca para galletas dulces en el noroeste de Europa. La receta, el dise\u00f1o y el envasado pueden adaptarse a los deseos de nuestros clientes nacionales e internacionales.\r\n<div style=\"width: 100%; text-align: right; margin-bottom: 15px;\"><\/div>\r\n<\/div>\r\n<div class=\"featured_red small\">\r\n<h3 class=\"bold\" style=\"padding-top: 8px;\">Recetas especiales<\/h3>\r\nPara organizaciones como Unicef y la ONU, Pally produce galletas desarrolladas espec\u00edficamente para satisfacer las necesidades energ\u00e9ticas de los ni\u00f1os. Adem\u00e1s, en nuestra f\u00e1brica tambi\u00e9n se producen diferentes galletas kosher.\r\n<div style=\"width: 100%; text-align: right; margin-bottom: 15px;\"><\/div>\r\n<\/div>\r\n<div class=\"featured_brown small\">\r\n<h3 class=\"bold\" style=\"padding-top: 8px;\">Galletas de chocolate<\/h3>\r\nSi as\u00ed lo desea, en Pally estaremos encantados de a\u00f1adir a sus galletas m\u00e1s populares una capa de chocolate con leche o chocolate negro provisto del certificado UTZ.\r\n<div style=\"width: 100%; text-align: right; margin-bottom: 15px;\"><\/div>\r\n<\/div>\r\n<div class=\"featured_green small\">\r\n<h3 class=\"bold\" style=\"padding-top: 8px;\">Productos ecol\u00f3gicos<\/h3>\r\nLos alimentos saludables y la forma en la que tratamos el medio ambiente y nuestro planeta cada vez interesan m\u00e1s a los consumidores. Por este motivo, los productos de cultivo ecol\u00f3gico cada vez son m\u00e1s importantes y ya tienen un buen volumen de ventas. Pally Biscuits cuenta con todos los certificados requeridos para la producci\u00f3n ecol\u00f3gica y ofrece un delicioso surtido de galletas ecol\u00f3gicas, con y sin chocolate.\r\n<div style=\"width: 100%; text-align: right; margin-bottom: 15px;\"><\/div>\r\n<\/div>\r\n<div class=\"featured_purple small\">\r\n<h3 class=\"bold\" style=\"padding-top: 8px;\">Paquetes individuales<\/h3>\r\n\u00bfPor qu\u00e9 disfrutar de una buena galleta solo con el t\u00e9 o el caf\u00e9? A menudo nos apetece comer algo rico, por ejemplo, cuando estamos fuera de casa o en el trabajo. Pally Biscuits dispone de un riqu\u00edsimo surtido de galletas en unos pr\u00e1cticos paquetes individuales para llevar con usted. Nada como disfrutar de dos deliciosas galletas y seguir con nuestro d\u00eda. Con y sin chocolate.\r\n<div style=\"width: 100%; text-align: right; margin-bottom: 15px;\"><\/div>\r\n<\/div>[\/vc_column][vc_column css=\u00bb.vc_custom_1463659109913{padding-top: 20px !important;}\u00bb offset=\u00bbvc_col-lg-9 vc_col-md-8 vc_col-xs-12&#8243;][vc_column_text css=\u00bb.vc_custom_1562682388536{padding-top: 40px !important;padding-left: 20px !important;}\u00bb]Nuestro surtido se compone de los tipos de galletas dulces m\u00e1s populares. Elaboramos nuestros productos exclusivamente con ingredientes naturales, tales como harina de trigo de Zelanda, aceite de girasol y chocolate provisto del certificado UTZ.<\/p>\n<p><strong>\u00a0<\/strong><\/p>\n<h4>Pally prepara todas sus galletas exclusivamente en hornos sin amianto.<\/h4>\n<h3 class=\"blue bold\">Nuestras galletas<\/h3>\n<p>[\/vc_column_text][vc_row_inner css=\u00bb.vc_custom_1463659583100{margin-bottom: 20px !important;}\u00bb][vc_column_inner width=\u00bb1\/2&#8243; offset=\u00bbvc_col-lg-4 vc_col-md-6 vc_col-xs-12&#8243; css=\u00bb.vc_custom_1463749773525{margin-bottom: 20px !important;}\u00bb][vc_single_image image=\u00bb1037&#8243; img_size=\u00bb500&#215;300&#8243;][vc_column_text]<\/p>\n<div class=\"featured_yellow small\">\n<h3 class=\"bold\" style=\"padding-top: 8px;\">Galletas digestivas<\/h3>\n<p style=\"margin-bottom: 60px;\">Su combinaci\u00f3n \u00fanica de dulce y salado las convierte en una galleta ideal para muchos momentos del d\u00eda.<\/p>\n<\/div>\n<p>[\/vc_column_text][\/vc_column_inner][vc_column_inner width=\u00bb1\/2&#8243; offset=\u00bbvc_col-lg-4 vc_col-md-6 vc_col-xs-12&#8243; css=\u00bb.vc_custom_1463749782868{margin-bottom: 20px !important;}\u00bb][vc_single_image image=\u00bb1038&#8243; img_size=\u00bb500&#215;300&#8243;][vc_column_text]<\/p>\n<div class=\"featured_yellow small\">\n<h3 class=\"bold\" style=\"padding-top: 8px;\">Galletas crujientes<\/h3>\n<p style=\"margin-bottom: 60px;\">Las aut\u00e9nticas galletas de avena, las favoritas de un gran n\u00famero de entendidos.<\/p>\n<\/div>\n<p>[\/vc_column_text][\/vc_column_inner][vc_column_inner width=\u00bb1\/2&#8243; offset=\u00bbvc_col-lg-4 vc_col-md-6 vc_col-xs-12&#8243; css=\u00bb.vc_custom_1463749791383{margin-bottom: 20px !important;}\u00bb][vc_single_image image=\u00bb1039&#8243; img_size=\u00bb500&#215;300&#8243;][vc_column_text]<\/p>\n<div class=\"featured_yellow small\">\n<h3 class=\"bold\" style=\"padding-top: 8px;\">Galletas Rich Tea<\/h3>\n<p style=\"margin-bottom: 60px;\">Disfrute de este cl\u00e1sico ingl\u00e9s y de su caracter\u00edstico sabor cremoso.<\/p>\n<\/div>\n<p>[\/vc_column_text][\/vc_column_inner][vc_column_inner width=\u00bb1\/2&#8243; offset=\u00bbvc_col-lg-4 vc_col-md-6 vc_col-xs-12&#8243; css=\u00bb.vc_custom_1463749798825{margin-bottom: 20px !important;}\u00bb][vc_single_image image=\u00bb612&#8243; img_size=\u00bb500&#215;300&#8243;][vc_column_text]<\/p>\n<div class=\"featured_yellow small\">\n<h3 class=\"bold\" style=\"padding-top: 8px;\">Galletas integrales<\/h3>\n<p style=\"margin-bottom: 60px;\">Un tipo de galleta natural, con toda la fuerza de los cereales integrales. Tambi\u00e9n est\u00e1n disponibles con un ligero toque de s\u00e9samo.<\/p>\n<\/div>\n<p>[\/vc_column_text][\/vc_column_inner][vc_column_inner width=\u00bb1\/2&#8243; offset=\u00bbvc_col-lg-4 vc_col-md-6 vc_col-xs-12&#8243; css=\u00bb.vc_custom_1463749805114{margin-bottom: 20px !important;}\u00bb][vc_single_image image=\u00bb608&#8243; img_size=\u00bb500&#215;300&#8243;][vc_column_text]<\/p>\n<div class=\"featured_yellow small\">\n<h3 class=\"bold\" style=\"padding-top: 8px;\">Galletas Mar\u00eda<\/h3>\n<p style=\"margin-bottom: 60px;\">Una galleta crujiente con un riqu\u00edsimo sabor a vainilla.<\/p>\n<\/div>\n<p>[\/vc_column_text][\/vc_column_inner][vc_column_inner width=\u00bb1\/2&#8243; offset=\u00bbvc_col-lg-4 vc_col-md-6 vc_col-xs-12&#8243; css=\u00bb.vc_custom_1463750279689{margin-bottom: 20px !important;}\u00bb][vc_single_image image=\u00bb610&#8243; img_size=\u00bb500&#215;300&#8243;][vc_column_text]<\/p>\n<div class=\"featured_yellow small\">\n<h3 class=\"bold\" style=\"padding-top: 8px;\">Galletas de trigo<\/h3>\n<p style=\"margin-bottom: 60px;\">Harina de trigo integral con fibras naturales. \u00a1Qu\u00e9 dif\u00edcil es comerse solo una!<\/p>\n<\/div>\n<p>[\/vc_column_text][\/vc_column_inner][vc_column_inner width=\u00bb1\/2&#8243; offset=\u00bbvc_col-lg-4 vc_col-md-6 vc_col-xs-12&#8243; css=\u00bb.vc_custom_1463749823269{margin-bottom: 20px !important;}\u00bb][vc_single_image image=\u00bb611&#8243; img_size=\u00bb500&#215;300&#8243;][vc_column_text]<\/p>\n<div class=\"featured_yellow small\">\n<h3 class=\"bold\" style=\"padding-top: 8px;\">Galletas de t\u00e9<\/h3>\n<p style=\"margin-bottom: 60px;\">Unas riqu\u00edsimas galletas crujientes, ideales para cualquier momento del d\u00eda.<\/p>\n<\/div>\n<p>[\/vc_column_text][\/vc_column_inner][vc_column_inner width=\u00bb1\/2&#8243; offset=\u00bbvc_col-lg-4 vc_col-md-6 vc_col-xs-12&#8243; css=\u00bb.vc_custom_1463749829785{margin-bottom: 20px !important;}\u00bb][vc_single_image image=\u00bb606&#8243; img_size=\u00bb500&#215;300&#8243;][vc_column_text]<\/p>\n<div class=\"featured_yellow small\">\n<h3 class=\"bold\" style=\"padding-top: 8px;\">Galletas de canela<\/h3>\n<p style=\"margin-bottom: 60px;\">Unas galletas crujientes con canela y az\u00facar.<\/p>\n<\/div>\n<p>[\/vc_column_text][\/vc_column_inner][vc_column_inner width=\u00bb1\/2&#8243; offset=\u00bbvc_col-lg-4 vc_col-md-6 vc_col-xs-12&#8243; css=\u00bb.vc_custom_1463749835319{margin-bottom: 20px !important;}\u00bb][vc_single_image image=\u00bb607&#8243; img_size=\u00bb500&#215;300&#8243;][vc_column_text]<\/p>\n<div class=\"featured_yellow small\">\n<h3 class=\"bold\" style=\"padding-top: 8px;\">Galletas de coco<\/h3>\n<p style=\"margin-bottom: 60px;\">Unas delicias tropicales con un ligero toque de coco y recubiertas de una capa adicional de az\u00facar fina.<\/p>\n<\/div>\n<p>[\/vc_column_text][\/vc_column_inner][\/vc_row_inner][vc_row_inner css=\u00bb.vc_custom_1463659583100{margin-bottom: 20px !important;}\u00bb][vc_column_inner width=\u00bb1\/2&#8243; offset=\u00bbvc_col-lg-4 vc_col-md-6 vc_col-xs-12&#8243; css=\u00bb.vc_custom_1463749773525{margin-bottom: 20px !important;}\u00bb][vc_single_image image=\u00bb1043&#8243; img_size=\u00bb500&#215;300&#8243;][vc_column_text]<\/p>\n<div class=\"featured_yellow small\">\n<h3 class=\"bold\" style=\"padding-top: 8px;\">Galletas digestivas con chocolate con leche<\/h3>\n<p style=\"margin-bottom: 60px;\">Las galletas digestivas originales, con una deliciosa capa de chocolate con leche.<\/p>\n<\/div>\n<p>[\/vc_column_text][\/vc_column_inner][vc_column_inner width=\u00bb1\/2&#8243; offset=\u00bbvc_col-lg-4 vc_col-md-6 vc_col-xs-12&#8243; css=\u00bb.vc_custom_1463749782868{margin-bottom: 20px !important;}\u00bb][vc_single_image image=\u00bb1044&#8243; img_size=\u00bb500&#215;300&#8243;][vc_column_text]<\/p>\n<div class=\"featured_yellow small\">\n<h3 class=\"bold\" style=\"padding-top: 8px;\">Galletas digestivas con chocolate negro<\/h3>\n<p style=\"margin-bottom: 60px;\">Las galletas digestivas originales, con una deliciosa capa de chocolate negro.<\/p>\n<\/div>\n<p>[\/vc_column_text][\/vc_column_inner][vc_column_inner width=\u00bb1\/2&#8243; offset=\u00bbvc_col-lg-4 vc_col-md-6 vc_col-xs-12&#8243; css=\u00bb.vc_custom_1463749791383{margin-bottom: 20px !important;}\u00bb][vc_single_image image=\u00bb1047&#8243; img_size=\u00bb500&#215;300&#8243;][vc_column_text]<\/p>\n<div class=\"featured_yellow small\">\n<h3 class=\"bold\" style=\"padding-top: 8px;\">Galletas de avena con leche<\/h3>\n<p style=\"margin-bottom: 60px;\">Las aut\u00e9nticas galletas de avena, combinadas con chocolate con leche: \u00a1irresistibles!<\/p>\n<\/div>\n<p>[\/vc_column_text][\/vc_column_inner][vc_column_inner width=\u00bb1\/2&#8243; offset=\u00bbvc_col-lg-4 vc_col-md-6 vc_col-xs-12&#8243; css=\u00bb.vc_custom_1463749798825{margin-bottom: 20px !important;}\u00bb][vc_single_image image=\u00bb1051&#8243; img_size=\u00bb500&#215;300&#8243;][vc_column_text]<\/p>\n<div class=\"featured_yellow small\">\n<h3 class=\"bold\" style=\"padding-top: 8px;\">Galletas Rich Tea con chocolate con leche<\/h3>\n<p>Las deliciosas galletas Rich Tea, a\u00fan m\u00e1s ricas con una capa de chocolate con leche.<\/p>\n<\/div>\n<p>[\/vc_column_text][\/vc_column_inner][vc_column_inner width=\u00bb1\/2&#8243; offset=\u00bbvc_col-lg-4 vc_col-md-6 vc_col-xs-12&#8243; css=\u00bb.vc_custom_1463749805114{margin-bottom: 20px !important;}\u00bb][vc_single_image image=\u00bb1046&#8243; img_size=\u00bb500&#215;300&#8243;][vc_column_text]<\/p>\n<div class=\"featured_yellow small\">\n<h3 class=\"bold\" style=\"padding-top: 8px;\">Galletas Rich Tea con chocolate con leche\/azucaradas<\/h3>\n<p>Las deliciosas galletas Rich Tea, a\u00fan m\u00e1s ricas con una capa de chocolate con leche y espolvoreadas con az\u00facar.<\/p>\n<\/div>\n<p>[\/vc_column_text][\/vc_column_inner][vc_column_inner width=\u00bb1\/2&#8243; offset=\u00bbvc_col-lg-4 vc_col-md-6 vc_col-xs-12&#8243; css=\u00bb.vc_custom_1463750279689{margin-bottom: 20px !important;}\u00bb][vc_single_image image=\u00bb1045&#8243; img_size=\u00bb500&#215;300&#8243;][vc_column_text]<\/p>\n<div class=\"featured_yellow small\">\n<h3 class=\"bold\" style=\"padding-top: 8px;\">Galletas Rich Tea con chocolate negro\/azucaradas<\/h3>\n<p>Las deliciosas galletas Rich Tea, a\u00fan m\u00e1s ricas con una capa de chocolate negro y espolvoreadas con az\u00facar.<\/p>\n<\/div>\n<p>[\/vc_column_text][\/vc_column_inner][\/vc_row_inner][\/vc_column][\/vc_row][vc_row full_width=\u00bbstretch_row_content_no_spaces\u00bb el_class=\u00bbquick-block-holder\u00bb][vc_column]<div class=\"item_holder\" style=\"background-image: url('https:\/\/pallybiscuits.com\/wp-content\/themes\/pallybiscuits\/img\/footer_bg_left.jpg');\">\n<div class=\"item\" style=\"right: 0; bottom: 0; background-image: url('https:\/\/pallybiscuits.com\/wp-content\/themes\/pallybiscuits\/img\/footer_logo_trans_brown.png');\">\n<div class=\"title\"><span class=\"brown\">Nuestro surtido<\/span><\/div>\n<div class=\"content\">El surtido de Pally se compone de tipos de galletas populares en diferentes formas y variantes de envasado. A petici\u00f3n del cliente, podemos a\u00f1adir una buena capa de chocolate con leche o chocolate negro a las galletas.<\/div>\n<\/div>\n<\/div>\n<div class=\"item_holder\" style=\"width: 34%; background-image: url('https:\/\/pallybiscuits.com\/wp-content\/themes\/pallybiscuits\/img\/footer_bg_middle.jpg');\">\n<div class=\"item js-horizontal-center\" style=\"bottom: 0px; left: 131px; background-image: url('https:\/\/pallybiscuits.com\/wp-content\/themes\/pallybiscuits\/img\/footer_logo_trans_blue.png');\">\n<div class=\"title\"><span class=\"blue\">Condiciones de suministro<\/span><\/div>\n<div class=\"content\">\n<p>Aqu\u00ed abajo puede descargarse las condiciones de suministro de VBZ.<\/p>\n<ul>\n<li><span class=\"blue\">\u00bb<\/span> <a href=\"https:\/\/pallybiscuits.com\/wp-content\/uploads\/2019\/05\/20190326-Verkoopvoorwaarden-VBZ_NL.pdf\">Condiciones de suministro de VBZ (NL)<\/a><\/li>\n<li><span class=\"blue\">\u00bb<\/span> <a href=\"https:\/\/pallybiscuits.com\/wp-content\/uploads\/2019\/05\/20190326-Terms-of-Sale-VBZ_EN.pdf\">Condiciones de suministro de VBZ (EN)<\/a><\/li>\n<\/ul>\n<\/div>\n<\/div>\n<\/div>\n<div class=\"item_holder\" style=\"background-image: url('https:\/\/pallybiscuits.com\/wp-content\/themes\/pallybiscuits\/img\/footer_bg_right.jpg');\">\n<div class=\"item\" style=\"left: 0; bottom: 0; background-image: url('https:\/\/pallybiscuits.com\/wp-content\/themes\/pallybiscuits\/img\/footer_logo_trans_yellow.png');\">\n<div class=\"title\"><span class=\"yellow\">Calidad<\/span><\/div>\n<div class=\"content\">\n<p>Aqu\u00ed puede descargarse las certificaciones de Pally Biscuits.<\/p>\n<ul class=\"imgholder-logos\">\n<li><img decoding=\"async\" src=\"https:\/\/pallybiscuits.com\/wp-content\/uploads\/2020\/03\/BRCGS_CERT_FOOD_LOGO_RGB.png\" \/><\/li>\n<li><img decoding=\"async\" src=\"https:\/\/pallybiscuits.com\/wp-content\/uploads\/2020\/03\/IFS_Food_Box_RGB.png\" \/><\/li>\n<li><img decoding=\"async\" src=\"https:\/\/pallybiscuits.com\/wp-content\/uploads\/2020\/03\/EU_Organic_Logo_Colour_Version_54x36mm_IsoC.png\" \/><\/li>\n<li><img decoding=\"async\" src=\"https:\/\/pallybiscuits.com\/wp-content\/uploads\/2020\/03\/Fairtrade-transparant.png\" \/><\/li>\n<p> \t<!--\n\n<li><img decoding=\"async\" src=\"https:\/\/pallybiscuits.com\/wp-content\/uploads\/2020\/03\/RSPO-Transparant.png\" \/><\/li>\n\n--><\/p>\n<li><img decoding=\"async\" src=\"https:\/\/pallybiscuits.com\/wp-content\/uploads\/2023\/11\/RA_Seal_Core_Green_and_White_RGB-e1602838216833.png\" \/><\/li>\n<li><img decoding=\"async\" src=\"https:\/\/pallybiscuits.com\/wp-content\/uploads\/2020\/03\/thumbnail_Vegan-Transparant.png\" \/><\/li>\n<\/ul>\n<\/div>\n<\/div>\n<\/div>\n[\/vc_column][\/vc_row]<\/p>\n","protected":false},"excerpt":{"rendered":"<p>[vc_row full_width=\u00bbstretch_row_content_no_spaces\u00bb][vc_column][\/vc_column][\/vc_row][vc_row css=\u00bb.vc_custom_1463061416289{margin-bottom: 30px !important;}\u00bb][vc_column css=\u00bb.vc_custom_1463659068932{margin-bottom: 30px !important;background-color: #f5f5f5 !important;}\u00bb offset=\u00bbvc_col-lg-3 vc_col-md-4 vc_col-xs-12&#8243;][\/vc_column][vc_column css=\u00bb.vc_custom_1463659109913{padding-top: 20px !important;}\u00bb offset=\u00bbvc_col-lg-9 vc_col-md-8 vc_col-xs-12&#8243;][vc_column_text css=\u00bb.vc_custom_1562682388536{padding-top: 40px !important;padding-left: 20px !important;}\u00bb]Nuestro surtido se compone de los tipos de galletas dulces m\u00e1s populares. Elaboramos nuestros productos exclusivamente con ingredientes naturales, tales como harina de trigo de Zelanda, aceite de girasol y chocolate provisto [&hellip;]<\/p>\n","protected":false},"author":5,"featured_media":0,"parent":0,"menu_order":0,"comment_status":"closed","ping_status":"closed","template":"","meta":{"_acf_changed":false,"footnotes":""},"class_list":["post-1099","page","type-page","status-publish","hentry"],"acf":[],"_links":{"self":[{"href":"https:\/\/pallybiscuits.com\/es\/wp-json\/wp\/v2\/pages\/1099","targetHints":{"allow":["GET"]}}],"collection":[{"href":"https:\/\/pallybiscuits.com\/es\/wp-json\/wp\/v2\/pages"}],"about":[{"href":"https:\/\/pallybiscuits.com\/es\/wp-json\/wp\/v2\/types\/page"}],"author":[{"embeddable":true,"href":"https:\/\/pallybiscuits.com\/es\/wp-json\/wp\/v2\/users\/5"}],"replies":[{"embeddable":true,"href":"https:\/\/pallybiscuits.com\/es\/wp-json\/wp\/v2\/comments?post=1099"}],"version-history":[{"count":7,"href":"https:\/\/pallybiscuits.com\/es\/wp-json\/wp\/v2\/pages\/1099\/revisions"}],"predecessor-version":[{"id":1198,"href":"https:\/\/pallybiscuits.com\/es\/wp-json\/wp\/v2\/pages\/1099\/revisions\/1198"}],"wp:attachment":[{"href":"https:\/\/pallybiscuits.com\/es\/wp-json\/wp\/v2\/media?parent=1099"}],"curies":[{"name":"wp","href":"https:\/\/api.w.org\/{rel}","templated":true}]}}