{"id":1115,"date":"2019-07-09T14:42:49","date_gmt":"2019-07-09T12:42:49","guid":{"rendered":"https:\/\/pallybiscuits.com\/?page_id=1115"},"modified":"2019-08-08T15:50:45","modified_gmt":"2019-08-08T13:50:45","slug":"home","status":"publish","type":"page","link":"https:\/\/pallybiscuits.com\/es\/","title":{"rendered":"Inicio"},"content":{"rendered":"<p>[vc_row full_width=\u00bbstretch_row_content_no_spaces\u00bb][vc_column][vc_column_text]<\/p>\n<div class=\"banner\">\n<div class=\"banner-text\">\n<h1>Pally destaca en el mercado<br \/>\nde las galletas dulces<\/h1>\n<p>&nbsp;<\/p>\n<h2>Suministramos unos productos de calidad superior a un precio muy competitivo.<\/h2>\n<p>&nbsp;<\/p>\n<div class=\"button_wrapper white\"><a class=\"button\" href=\"https:\/\/pallybiscuits.com\/es\/acerca-de-pally\/\">M\u00c1S SOBRE PALLY<\/a><\/div>\n<\/div>\n<div class=\"banner-prop\"><img decoding=\"async\" src=\"https:\/\/pallybiscuits.com\/wp-content\/themes\/pallybiscuits\/img\/header_prop_wheat.png\" \/><\/div>\n<\/div>\n<p>[\/vc_column_text][\/vc_column][\/vc_row][vc_row full_width=\u00bbstretch_row_content_no_spaces\u00bb el_class=\u00bbno-overflow\u00bb][vc_column][vc_column_text]<\/p>\n<div class=\"sub-banner\">\n<div class=\"page-block-center\">\n<div class=\"info-text\">Pally se esfuerza por establecer colaboraciones a largo plazo, basadas en la satisfacci\u00f3n de sus clientes, la confianza y la transparencia.<\/div>\n<div class=\"info-img\"><img decoding=\"async\" src=\"https:\/\/pallybiscuits.com\/wp-content\/themes\/pallybiscuits\/img\/header_biscuit.png\" \/><\/div>\n<div class=\"clearfix\"><\/div>\n<\/div>\n<\/div>\n<p>[\/vc_column_text][\/vc_column][\/vc_row][vc_row full_width=\u00bbstretch_row_content_no_spaces\u00bb equal_height=\u00bbyes\u00bb css=\u00bb.vc_custom_1462269864269{background-color: #ffffff !important;}\u00bb][vc_column width=\u00bb1\/2&#8243; css=\u00bb.vc_custom_1462269569996{padding-top: 50px !important;padding-right: 50px !important;padding-bottom: 50px !important;}\u00bb][vc_column_text el_class=\u00bbhalf-page-right\u00bb]<\/p>\n<h2>M\u00e1s de 100 a\u00f1os de experiencia en la producci\u00f3n de galletas dulces<\/h2>\n<p>La mejor garant\u00eda de calidad e higiene reside en nuestros m\u00e1s de 100 a\u00f1os de experiencia en la elaboraci\u00f3n de galletas dulces. Esto ha sido confirmado por auditor\u00edas anuales realizadas para la obtenci\u00f3n de diferentes certificaciones. Pally est\u00e1 certificada de conformidad con las normas de BRC, IFS y RSPO.<\/p>\n<p>Pally exige que los proveedores de materias primas, de materiales de envasado y de adyuvantes est\u00e9n debidamente certificados. Nuestros sistemas de calidad garantizan que todas las galletas tengan un per\u00edodo de conservaci\u00f3n de un m\u00ednimo de 12 meses.<\/p>\n<div class=\"button_wrapper pull-right\"><a class=\"button\" href=\"https:\/\/pallybiscuits.com\/es\/acerca-de-pally\/\">LEER M\u00c1S<\/a><\/div>\n<p>[\/vc_column_text][\/vc_column][vc_column width=\u00bb1\/2&#8243; css=\u00bb.vc_custom_1462269078245{background-image: url(https:\/\/pallybiscuits.com\/wp-content\/uploads\/2016\/05\/content_bg_1.jpg?id=25) !important;}\u00bb][\/vc_column][\/vc_row][vc_row full_width=\u00bbstretch_row_content_no_spaces\u00bb][vc_column el_class=\u00bbquick-block-holder\u00bb]<div class=\"item_holder\" style=\"background-image: url('https:\/\/pallybiscuits.com\/wp-content\/themes\/pallybiscuits\/img\/footer_bg_left.jpg');\">\n<div class=\"item\" style=\"right: 0; bottom: 0; background-image: url('https:\/\/pallybiscuits.com\/wp-content\/themes\/pallybiscuits\/img\/footer_logo_trans_brown.png');\">\n<div class=\"title\"><span class=\"brown\">Nuestro surtido<\/span><\/div>\n<div class=\"content\">El surtido de Pally se compone de tipos de galletas populares en diferentes formas y variantes de envasado. A petici\u00f3n del cliente, podemos a\u00f1adir una buena capa de chocolate con leche o chocolate negro a las galletas.<\/div>\n<\/div>\n<\/div>\n<div class=\"item_holder\" style=\"width: 34%; background-image: url('https:\/\/pallybiscuits.com\/wp-content\/themes\/pallybiscuits\/img\/footer_bg_middle.jpg');\">\n<div class=\"item js-horizontal-center\" style=\"bottom: 0px; left: 131px; background-image: url('https:\/\/pallybiscuits.com\/wp-content\/themes\/pallybiscuits\/img\/footer_logo_trans_blue.png');\">\n<div class=\"title\"><span class=\"blue\">Condiciones de suministro<\/span><\/div>\n<div class=\"content\">\n<p>Aqu\u00ed abajo puede descargarse las condiciones de suministro de VBZ.<\/p>\n<ul>\n<li><span class=\"blue\">\u00bb<\/span> <a href=\"https:\/\/pallybiscuits.com\/wp-content\/uploads\/2019\/05\/20190326-Verkoopvoorwaarden-VBZ_NL.pdf\">Condiciones de suministro de VBZ (NL)<\/a><\/li>\n<li><span class=\"blue\">\u00bb<\/span> <a href=\"https:\/\/pallybiscuits.com\/wp-content\/uploads\/2019\/05\/20190326-Terms-of-Sale-VBZ_EN.pdf\">Condiciones de suministro de VBZ (EN)<\/a><\/li>\n<\/ul>\n<\/div>\n<\/div>\n<\/div>\n<div class=\"item_holder\" style=\"background-image: url('https:\/\/pallybiscuits.com\/wp-content\/themes\/pallybiscuits\/img\/footer_bg_right.jpg');\">\n<div class=\"item\" style=\"left: 0; bottom: 0; background-image: url('https:\/\/pallybiscuits.com\/wp-content\/themes\/pallybiscuits\/img\/footer_logo_trans_yellow.png');\">\n<div class=\"title\"><span class=\"yellow\">Calidad<\/span><\/div>\n<div class=\"content\">\n<p>Aqu\u00ed puede descargarse las certificaciones de Pally Biscuits.<\/p>\n<ul class=\"imgholder-logos\">\n<li><img decoding=\"async\" src=\"https:\/\/pallybiscuits.com\/wp-content\/uploads\/2020\/03\/BRCGS_CERT_FOOD_LOGO_RGB.png\" \/><\/li>\n<li><img decoding=\"async\" src=\"https:\/\/pallybiscuits.com\/wp-content\/uploads\/2020\/03\/IFS_Food_Box_RGB.png\" \/><\/li>\n<li><img decoding=\"async\" src=\"https:\/\/pallybiscuits.com\/wp-content\/uploads\/2020\/03\/EU_Organic_Logo_Colour_Version_54x36mm_IsoC.png\" \/><\/li>\n<li><img decoding=\"async\" src=\"https:\/\/pallybiscuits.com\/wp-content\/uploads\/2020\/03\/Fairtrade-transparant.png\" \/><\/li>\n<p> \t<!--\n\n<li><img decoding=\"async\" src=\"https:\/\/pallybiscuits.com\/wp-content\/uploads\/2020\/03\/RSPO-Transparant.png\" \/><\/li>\n\n--><\/p>\n<li><img decoding=\"async\" src=\"https:\/\/pallybiscuits.com\/wp-content\/uploads\/2023\/11\/RA_Seal_Core_Green_and_White_RGB-e1602838216833.png\" \/><\/li>\n<li><img decoding=\"async\" src=\"https:\/\/pallybiscuits.com\/wp-content\/uploads\/2020\/03\/thumbnail_Vegan-Transparant.png\" \/><\/li>\n<\/ul>\n<\/div>\n<\/div>\n<\/div>\n[\/vc_column][\/vc_row]<\/p>\n","protected":false},"excerpt":{"rendered":"<p>[vc_row full_width=\u00bbstretch_row_content_no_spaces\u00bb][vc_column][vc_column_text] Pally destaca en el mercado de las galletas dulces &nbsp; Suministramos unos productos de calidad superior a un precio muy competitivo. &nbsp; M\u00c1S SOBRE PALLY [\/vc_column_text][\/vc_column][\/vc_row][vc_row full_width=\u00bbstretch_row_content_no_spaces\u00bb el_class=\u00bbno-overflow\u00bb][vc_column][vc_column_text] Pally se esfuerza por establecer colaboraciones a largo plazo, basadas en la satisfacci\u00f3n de sus clientes, la confianza y la transparencia. [\/vc_column_text][\/vc_column][\/vc_row][vc_row full_width=\u00bbstretch_row_content_no_spaces\u00bb equal_height=\u00bbyes\u00bb css=\u00bb.vc_custom_1462269864269{background-color: [&hellip;]<\/p>\n","protected":false},"author":5,"featured_media":0,"parent":0,"menu_order":0,"comment_status":"closed","ping_status":"closed","template":"","meta":{"_acf_changed":false,"footnotes":""},"class_list":["post-1115","page","type-page","status-publish","hentry"],"acf":[],"_links":{"self":[{"href":"https:\/\/pallybiscuits.com\/es\/wp-json\/wp\/v2\/pages\/1115","targetHints":{"allow":["GET"]}}],"collection":[{"href":"https:\/\/pallybiscuits.com\/es\/wp-json\/wp\/v2\/pages"}],"about":[{"href":"https:\/\/pallybiscuits.com\/es\/wp-json\/wp\/v2\/types\/page"}],"author":[{"embeddable":true,"href":"https:\/\/pallybiscuits.com\/es\/wp-json\/wp\/v2\/users\/5"}],"replies":[{"embeddable":true,"href":"https:\/\/pallybiscuits.com\/es\/wp-json\/wp\/v2\/comments?post=1115"}],"version-history":[{"count":14,"href":"https:\/\/pallybiscuits.com\/es\/wp-json\/wp\/v2\/pages\/1115\/revisions"}],"predecessor-version":[{"id":1199,"href":"https:\/\/pallybiscuits.com\/es\/wp-json\/wp\/v2\/pages\/1115\/revisions\/1199"}],"wp:attachment":[{"href":"https:\/\/pallybiscuits.com\/es\/wp-json\/wp\/v2\/media?parent=1115"}],"curies":[{"name":"wp","href":"https:\/\/api.w.org\/{rel}","templated":true}]}}