{"id":1129,"date":"2019-07-09T15:58:27","date_gmt":"2019-07-09T13:58:27","guid":{"rendered":"https:\/\/pallybiscuits.com\/?page_id=1129"},"modified":"2019-08-08T16:11:02","modified_gmt":"2019-08-08T14:11:02","slug":"acerca-de-pally","status":"publish","type":"page","link":"https:\/\/pallybiscuits.com\/es\/acerca-de-pally\/","title":{"rendered":"Acerca de Pally"},"content":{"rendered":"<p>[vc_row full_width=\u00bbstretch_row_content_no_spaces\u00bb][vc_column]<div class=\"banner b2\">\r\n<div class=\"banner-text\">\r\n<h1>Pally destaca en el mercado<br \/> de las galletas dulces<\/h1>\r\n<\/div>\r\n<\/div>[\/vc_column][\/vc_row][vc_row][vc_column offset=\u00bbvc_col-lg-6 vc_col-md-7 vc_col-xs-12&#8243;][vc_column_text css=\u00bb.vc_custom_1562681218977{padding-top: 10px !important;padding-right: 30px !important;padding-bottom: 80px !important;}\u00bb]<\/p>\n<h2 class=\"bold\">Acerca de Pally<\/h2>\n<div class=\"pull-left\">\n<h3><img loading=\"lazy\" decoding=\"async\" class=\"alignright img-circle-brown\" style=\"margin-top: -10px; margin-left: 10px;\" src=\"https:\/\/pallybiscuits.com\/wp-content\/themes\/pallybiscuits\/img\/avatar.jpg\" alt=\"Martijn Koenders\" width=\"250\" height=\"250\" align=\"right\" \/>Cuando pienso en Pally Biscuits, me lleno de orgullo. Orgullo del compromiso de todas las personas que trabajan para nosotros, orgullo de nuestros 130 a\u00f1os de historia, de la pureza de nuestros ingredientes, de nuestra moderna tecnolog\u00eda y, por supuesto, orgullo de la colaboraci\u00f3n abierta y honesta con nuestros clientes en todo el mundo.<\/h3>\n<\/div>\n<div class=\"clearfix\"><\/div>\n<p style=\"margin-top: 40px; margin-bottom: 50px;\">D\u00eda tras d\u00eda trabajamos en la ciencia de hacer galletas, las recetas exactas, la selecci\u00f3n de los mejores ingredientes y la configuraci\u00f3n precisa de nuestras m\u00e1quinas. Todos estos aspectos son claves para elaborar la galleta perfecta. Y cada a\u00f1o nuestras galletas se consumen por millones en todos los rincones del mundo.<\/p>\n<p style=\"font-weight: bold; font-size: 1.3em; color: #623d00;\">Martijn Koenders<\/p>\n<p style=\"margin-top: -10px;\">Director general y propietario<\/p>\n<p>[\/vc_column_text][\/vc_column][vc_column el_class=\u00bbfeatured_yellow\u00bb css=\u00bb.vc_custom_1463658423494{background-position: 0 0 !important;background-repeat: no-repeat !important;}\u00bb offset=\u00bbvc_col-lg-3 vc_col-md-5 vc_col-xs-12&#8243;][vc_column_text css=\u00bb.vc_custom_1562681762382{margin-top: 80px !important;margin-bottom: 40px !important;}\u00bb]<\/p>\n<ul>\n<li>Pally destaca en el mercado <strong>de las galletas dulces<\/strong>.<\/li>\n<li>Suministramos unos <strong>productos de calidad superior<\/strong> a un precio muy competitivo.<\/li>\n<li>Pally se esfuerza por establecer <strong>colaboraciones a largo plazo,<\/strong> basadas en la <strong>satisfacci\u00f3n de sus clientes,<\/strong> la<strong> confianza<\/strong> y la <strong>transparencia<\/strong>.<\/li>\n<\/ul>\n<p>[\/vc_column_text][\/vc_column][vc_column width=\u00bb1\/4&#8243; offset=\u00bbvc_col-lg-3 vc_hidden-md vc_hidden-sm vc_hidden-xs\u00bb][vc_single_image source=\u00bbexternal_link\u00bb custom_src=\u00bbhttps:\/\/pallybiscuits.com\/wp-content\/themes\/pallybiscuits\/img\/page_biscuit.png\u00bb css=\u00bb.vc_custom_1462981145953{margin-top: 30px !important;margin-left: -15px !important;}\u00bb][\/vc_column][\/vc_row][vc_row full_width=\u00bbstretch_row_content_no_spaces\u00bb el_class=\u00bbquick-block-holder\u00bb][vc_column]<div class=\"item_holder\" style=\"background-image: url('https:\/\/pallybiscuits.com\/wp-content\/themes\/pallybiscuits\/img\/footer_bg_left.jpg');\">\n<div class=\"item\" style=\"right: 0; bottom: 0; background-image: url('https:\/\/pallybiscuits.com\/wp-content\/themes\/pallybiscuits\/img\/footer_logo_trans_brown.png');\">\n<div class=\"title\"><span class=\"brown\">Nuestro surtido<\/span><\/div>\n<div class=\"content\">El surtido de Pally se compone de tipos de galletas populares en diferentes formas y variantes de envasado. A petici\u00f3n del cliente, podemos a\u00f1adir una buena capa de chocolate con leche o chocolate negro a las galletas.<\/div>\n<\/div>\n<\/div>\n<div class=\"item_holder\" style=\"width: 34%; background-image: url('https:\/\/pallybiscuits.com\/wp-content\/themes\/pallybiscuits\/img\/footer_bg_middle.jpg');\">\n<div class=\"item js-horizontal-center\" style=\"bottom: 0px; left: 131px; background-image: url('https:\/\/pallybiscuits.com\/wp-content\/themes\/pallybiscuits\/img\/footer_logo_trans_blue.png');\">\n<div class=\"title\"><span class=\"blue\">Condiciones de suministro<\/span><\/div>\n<div class=\"content\">\n<p>Aqu\u00ed abajo puede descargarse las condiciones de suministro de VBZ.<\/p>\n<ul>\n<li><span class=\"blue\">\u00bb<\/span> <a href=\"https:\/\/pallybiscuits.com\/wp-content\/uploads\/2019\/05\/20190326-Verkoopvoorwaarden-VBZ_NL.pdf\">Condiciones de suministro de VBZ (NL)<\/a><\/li>\n<li><span class=\"blue\">\u00bb<\/span> <a href=\"https:\/\/pallybiscuits.com\/wp-content\/uploads\/2019\/05\/20190326-Terms-of-Sale-VBZ_EN.pdf\">Condiciones de suministro de VBZ (EN)<\/a><\/li>\n<\/ul>\n<\/div>\n<\/div>\n<\/div>\n<div class=\"item_holder\" style=\"background-image: url('https:\/\/pallybiscuits.com\/wp-content\/themes\/pallybiscuits\/img\/footer_bg_right.jpg');\">\n<div class=\"item\" style=\"left: 0; bottom: 0; background-image: url('https:\/\/pallybiscuits.com\/wp-content\/themes\/pallybiscuits\/img\/footer_logo_trans_yellow.png');\">\n<div class=\"title\"><span class=\"yellow\">Calidad<\/span><\/div>\n<div class=\"content\">\n<p>Aqu\u00ed puede descargarse las certificaciones de Pally Biscuits.<\/p>\n<ul class=\"imgholder-logos\">\n<li><img decoding=\"async\" src=\"https:\/\/pallybiscuits.com\/wp-content\/uploads\/2020\/03\/BRCGS_CERT_FOOD_LOGO_RGB.png\" \/><\/li>\n<li><img decoding=\"async\" src=\"https:\/\/pallybiscuits.com\/wp-content\/uploads\/2020\/03\/IFS_Food_Box_RGB.png\" \/><\/li>\n<li><img decoding=\"async\" src=\"https:\/\/pallybiscuits.com\/wp-content\/uploads\/2020\/03\/EU_Organic_Logo_Colour_Version_54x36mm_IsoC.png\" \/><\/li>\n<li><img decoding=\"async\" src=\"https:\/\/pallybiscuits.com\/wp-content\/uploads\/2020\/03\/Fairtrade-transparant.png\" \/><\/li>\n<p> \t<!--\n\n<li><img decoding=\"async\" src=\"https:\/\/pallybiscuits.com\/wp-content\/uploads\/2020\/03\/RSPO-Transparant.png\" \/><\/li>\n\n--><\/p>\n<li><img decoding=\"async\" src=\"https:\/\/pallybiscuits.com\/wp-content\/uploads\/2023\/11\/RA_Seal_Core_Green_and_White_RGB-e1602838216833.png\" \/><\/li>\n<li><img decoding=\"async\" src=\"https:\/\/pallybiscuits.com\/wp-content\/uploads\/2020\/03\/thumbnail_Vegan-Transparant.png\" \/><\/li>\n<\/ul>\n<\/div>\n<\/div>\n<\/div>\n[\/vc_column][\/vc_row]<\/p>\n","protected":false},"excerpt":{"rendered":"<p>[vc_row full_width=\u00bbstretch_row_content_no_spaces\u00bb][vc_column][\/vc_column][\/vc_row][vc_row][vc_column offset=\u00bbvc_col-lg-6 vc_col-md-7 vc_col-xs-12&#8243;][vc_column_text css=\u00bb.vc_custom_1562681218977{padding-top: 10px !important;padding-right: 30px !important;padding-bottom: 80px !important;}\u00bb] Acerca de Pally Cuando pienso en Pally Biscuits, me lleno de orgullo. Orgullo del compromiso de todas las personas que trabajan para nosotros, orgullo de nuestros 130 a\u00f1os de historia, de la pureza de nuestros ingredientes, de nuestra moderna tecnolog\u00eda y, por supuesto, [&hellip;]<\/p>\n","protected":false},"author":5,"featured_media":0,"parent":0,"menu_order":0,"comment_status":"closed","ping_status":"closed","template":"","meta":{"_acf_changed":false,"footnotes":""},"class_list":["post-1129","page","type-page","status-publish","hentry"],"acf":[],"_links":{"self":[{"href":"https:\/\/pallybiscuits.com\/es\/wp-json\/wp\/v2\/pages\/1129","targetHints":{"allow":["GET"]}}],"collection":[{"href":"https:\/\/pallybiscuits.com\/es\/wp-json\/wp\/v2\/pages"}],"about":[{"href":"https:\/\/pallybiscuits.com\/es\/wp-json\/wp\/v2\/types\/page"}],"author":[{"embeddable":true,"href":"https:\/\/pallybiscuits.com\/es\/wp-json\/wp\/v2\/users\/5"}],"replies":[{"embeddable":true,"href":"https:\/\/pallybiscuits.com\/es\/wp-json\/wp\/v2\/comments?post=1129"}],"version-history":[{"count":5,"href":"https:\/\/pallybiscuits.com\/es\/wp-json\/wp\/v2\/pages\/1129\/revisions"}],"predecessor-version":[{"id":1179,"href":"https:\/\/pallybiscuits.com\/es\/wp-json\/wp\/v2\/pages\/1129\/revisions\/1179"}],"wp:attachment":[{"href":"https:\/\/pallybiscuits.com\/es\/wp-json\/wp\/v2\/media?parent=1129"}],"curies":[{"name":"wp","href":"https:\/\/api.w.org\/{rel}","templated":true}]}}