{"id":1136,"date":"2019-07-09T16:46:59","date_gmt":"2019-07-09T14:46:59","guid":{"rendered":"https:\/\/pallybiscuits.com\/?page_id=1136"},"modified":"2019-08-08T16:15:49","modified_gmt":"2019-08-08T14:15:49","slug":"informacion-para-el-cliente","status":"publish","type":"page","link":"https:\/\/pallybiscuits.com\/es\/informacion-para-el-cliente\/","title":{"rendered":"Informaci\u00f3n para el cliente"},"content":{"rendered":"<p>[vc_row full_width=\u00bbstretch_row_content_no_spaces\u00bb][vc_column]<div class=\"banner b3\">\r\n<div class=\"banner-text\">\r\n<h1>Suministramos unos productos de calidad superior<br \/>\r\na un precio muy competitivo<\/h1>\r\n<\/div>\r\n<\/div>[\/vc_column][\/vc_row][vc_row][vc_column offset=\u00bbvc_col-lg-9 vc_col-md-8 vc_col-xs-12&#8243;][vc_column_text css=\u00bb.vc_custom_1562683722577{padding-top: 15px !important;}\u00bb]<\/p>\n<h2 class=\"bold\">Informaci\u00f3n para el cliente<\/h2>\n<h3>Pally Biscuits es una empresa de los Pa\u00edses Bajos con una buena gesti\u00f3n financiera, independiente, ambiciosa y enormemente din\u00e1mica. Nuestro enfoque se centra totalmente en la elaboraci\u00f3n de atractivas propuestas de marca blanca para el mercado de las galletas dulces. Pally es una de las empresas l\u00edderes en el noreste de Europa.<\/h3>\n<p>[\/vc_column_text][vc_column_text css=\u00bb.vc_custom_1562683780640{padding-top: 30px !important;}\u00bb]<\/p>\n<h4>Raz\u00f3n de ser de Pally Biscuits<\/h4>\n<p>En Pally, las necesidades de nuestros clientes siempre son lo primero. Para ello, el pensamiento y el trabajo orientados al cliente son de vital importancia. Cada d\u00eda nos preguntamos c\u00f3mo podemos seguir optimizando su volumen de ventas y su rentabilidad.<br \/>\n[\/vc_column_text][vc_column_text css=\u00bb.vc_custom_1562683831393{padding-top: 30px !important;padding-bottom: 60px !important;}\u00bb]<\/p>\n<h4>Costes abiertos y transparencia de Pally<\/h4>\n<p>La base del \u00e9xito mutuo es la adquisici\u00f3n cuidadosa de materias primas combinada con una producci\u00f3n extremadamente eficiente y conforme a todos los requerimientos vigentes de calidad e higiene. Como empresa, preferimos las colaboraciones a largo plazo, basadas en \u201ccostes abiertos\u201d. Honestas, transparentes y eficientes. Siempre que lo desee, tendr\u00e1 acceso al desarrollo de las materias primas m\u00e1s importantes y las consecuencias para su precio de coste. Estaremos encantados de informarle sobre los beneficios mutuos de nuestro modelo de producci\u00f3n.[\/vc_column_text][\/vc_column][vc_column width=\u00bb11\/12&#8243; el_class=\u00bbfeatured_blue\u00bb offset=\u00bbvc_col-lg-3 vc_col-md-4 vc_col-xs-12&#8243;][vc_column_text css=\u00bb.vc_custom_1562683933659{padding-top: 20px !important;padding-right: 15px !important;padding-left: 15px !important;}\u00bb]<\/p>\n<h3>Inicio de sesi\u00f3n<\/h3>\n<p>&nbsp;<\/p>\n<p>Inicie sesi\u00f3n para conocer los \u00faltimos desarrollos relativos a las materias primas m\u00e1s importantes y las consecuencias para el precio de coste de sus galletas.<\/p>\n<div style=\"width: 100%; text-align: right; display: none;\"><a href=\"#\">INICIO DE SESI\u00d3N<\/a> \u00a0 <img decoding=\"async\" style=\"display: inline-block;\" src=\"https:\/\/pallybiscuits.com\/wp-content\/themes\/pallybiscuits\/img\/icon_submit.png\" \/><\/div>\n<p>[\/vc_column_text]<div style=\"padding-left:15px;padding-right:15px;\">\n    <form name=\"user-login-form_8792\" id=\"user-login-form_8792\" action=\"\" method=\"post\">\n        <input type=\"hidden\" name=\"custom-login-form\" value=\"true\">\n        <p><input id=\"user-login-form_8792_user_login\" type=\"text\" size=\"20\" value=\"\" name=\"user_login\" placeholder=\"Nombre de usuario\"><\/p>\n        <p><input id=\"user-login-form_8792_user_pass\" type=\"password\" size=\"20\" value=\"\" name=\"user_pass\" placeholder=\"Contrase\u00f1a\"><\/p>\n                <div style=\"margin-bottom:30px;width: 100%; text-align: right;\"><a href=\"#\" onclick=\"event.preventDefault();jQuery('form').submit();\">Iniciar sesi\u00f3n<\/a> &nbsp; <img decoding=\"async\" style=\"display: inline-block;\" src=\"https:\/\/pallybiscuits.com\/wp-content\/themes\/pallybiscuits\/img\/icon_submit.png\"><\/div>\n    <\/form>\n<\/div>\n[\/vc_column][\/vc_row][vc_row full_width=\u00bbstretch_row_content_no_spaces\u00bb el_class=\u00bbquick-block-holder\u00bb][vc_column]<div class=\"item_holder\" style=\"background-image: url('https:\/\/pallybiscuits.com\/wp-content\/themes\/pallybiscuits\/img\/footer_bg_left.jpg');\">\n<div class=\"item\" style=\"right: 0; bottom: 0; background-image: url('https:\/\/pallybiscuits.com\/wp-content\/themes\/pallybiscuits\/img\/footer_logo_trans_brown.png');\">\n<div class=\"title\"><span class=\"brown\">Nuestro surtido<\/span><\/div>\n<div class=\"content\">El surtido de Pally se compone de tipos de galletas populares en diferentes formas y variantes de envasado. A petici\u00f3n del cliente, podemos a\u00f1adir una buena capa de chocolate con leche o chocolate negro a las galletas.<\/div>\n<\/div>\n<\/div>\n<div class=\"item_holder\" style=\"width: 34%; background-image: url('https:\/\/pallybiscuits.com\/wp-content\/themes\/pallybiscuits\/img\/footer_bg_middle.jpg');\">\n<div class=\"item js-horizontal-center\" style=\"bottom: 0px; left: 131px; background-image: url('https:\/\/pallybiscuits.com\/wp-content\/themes\/pallybiscuits\/img\/footer_logo_trans_blue.png');\">\n<div class=\"title\"><span class=\"blue\">Condiciones de suministro<\/span><\/div>\n<div class=\"content\">\n<p>Aqu\u00ed abajo puede descargarse las condiciones de suministro de VBZ.<\/p>\n<ul>\n<li><span class=\"blue\">\u00bb<\/span> <a href=\"https:\/\/pallybiscuits.com\/wp-content\/uploads\/2019\/05\/20190326-Verkoopvoorwaarden-VBZ_NL.pdf\">Condiciones de suministro de VBZ (NL)<\/a><\/li>\n<li><span class=\"blue\">\u00bb<\/span> <a href=\"https:\/\/pallybiscuits.com\/wp-content\/uploads\/2019\/05\/20190326-Terms-of-Sale-VBZ_EN.pdf\">Condiciones de suministro de VBZ (EN)<\/a><\/li>\n<\/ul>\n<\/div>\n<\/div>\n<\/div>\n<div class=\"item_holder\" style=\"background-image: url('https:\/\/pallybiscuits.com\/wp-content\/themes\/pallybiscuits\/img\/footer_bg_right.jpg');\">\n<div class=\"item\" style=\"left: 0; bottom: 0; background-image: url('https:\/\/pallybiscuits.com\/wp-content\/themes\/pallybiscuits\/img\/footer_logo_trans_yellow.png');\">\n<div class=\"title\"><span class=\"yellow\">Calidad<\/span><\/div>\n<div class=\"content\">\n<p>Aqu\u00ed puede descargarse las certificaciones de Pally Biscuits.<\/p>\n<ul class=\"imgholder-logos\">\n<li><img decoding=\"async\" src=\"https:\/\/pallybiscuits.com\/wp-content\/uploads\/2020\/03\/BRCGS_CERT_FOOD_LOGO_RGB.png\" \/><\/li>\n<li><img decoding=\"async\" src=\"https:\/\/pallybiscuits.com\/wp-content\/uploads\/2020\/03\/IFS_Food_Box_RGB.png\" \/><\/li>\n<li><img decoding=\"async\" src=\"https:\/\/pallybiscuits.com\/wp-content\/uploads\/2020\/03\/EU_Organic_Logo_Colour_Version_54x36mm_IsoC.png\" \/><\/li>\n<li><img decoding=\"async\" src=\"https:\/\/pallybiscuits.com\/wp-content\/uploads\/2020\/03\/Fairtrade-transparant.png\" \/><\/li>\n<p> \t<!--\n\n<li><img decoding=\"async\" src=\"https:\/\/pallybiscuits.com\/wp-content\/uploads\/2020\/03\/RSPO-Transparant.png\" \/><\/li>\n\n--><\/p>\n<li><img decoding=\"async\" src=\"https:\/\/pallybiscuits.com\/wp-content\/uploads\/2023\/11\/RA_Seal_Core_Green_and_White_RGB-e1602838216833.png\" \/><\/li>\n<li><img decoding=\"async\" src=\"https:\/\/pallybiscuits.com\/wp-content\/uploads\/2020\/03\/thumbnail_Vegan-Transparant.png\" \/><\/li>\n<\/ul>\n<\/div>\n<\/div>\n<\/div>\n[\/vc_column][\/vc_row]<\/p>\n","protected":false},"excerpt":{"rendered":"<p>[vc_row full_width=\u00bbstretch_row_content_no_spaces\u00bb][vc_column][\/vc_column][\/vc_row][vc_row][vc_column offset=\u00bbvc_col-lg-9 vc_col-md-8 vc_col-xs-12&#8243;][vc_column_text css=\u00bb.vc_custom_1562683722577{padding-top: 15px !important;}\u00bb] Informaci\u00f3n para el cliente Pally Biscuits es una empresa de los Pa\u00edses Bajos con una buena gesti\u00f3n financiera, independiente, ambiciosa y enormemente din\u00e1mica. Nuestro enfoque se centra totalmente en la elaboraci\u00f3n de atractivas propuestas de marca blanca para el mercado de las galletas dulces. Pally es una [&hellip;]<\/p>\n","protected":false},"author":5,"featured_media":0,"parent":0,"menu_order":0,"comment_status":"closed","ping_status":"closed","template":"","meta":{"_acf_changed":false,"footnotes":""},"class_list":["post-1136","page","type-page","status-publish","hentry"],"acf":[],"_links":{"self":[{"href":"https:\/\/pallybiscuits.com\/es\/wp-json\/wp\/v2\/pages\/1136","targetHints":{"allow":["GET"]}}],"collection":[{"href":"https:\/\/pallybiscuits.com\/es\/wp-json\/wp\/v2\/pages"}],"about":[{"href":"https:\/\/pallybiscuits.com\/es\/wp-json\/wp\/v2\/types\/page"}],"author":[{"embeddable":true,"href":"https:\/\/pallybiscuits.com\/es\/wp-json\/wp\/v2\/users\/5"}],"replies":[{"embeddable":true,"href":"https:\/\/pallybiscuits.com\/es\/wp-json\/wp\/v2\/comments?post=1136"}],"version-history":[{"count":5,"href":"https:\/\/pallybiscuits.com\/es\/wp-json\/wp\/v2\/pages\/1136\/revisions"}],"predecessor-version":[{"id":1182,"href":"https:\/\/pallybiscuits.com\/es\/wp-json\/wp\/v2\/pages\/1136\/revisions\/1182"}],"wp:attachment":[{"href":"https:\/\/pallybiscuits.com\/es\/wp-json\/wp\/v2\/media?parent=1136"}],"curies":[{"name":"wp","href":"https:\/\/api.w.org\/{rel}","templated":true}]}}