{"id":1141,"date":"2019-07-09T17:02:41","date_gmt":"2019-07-09T15:02:41","guid":{"rendered":"https:\/\/pallybiscuits.com\/?page_id=1141"},"modified":"2019-07-11T12:40:18","modified_gmt":"2019-07-11T10:40:18","slug":"terminos-y-condiciones-generales","status":"publish","type":"page","link":"https:\/\/pallybiscuits.com\/es\/terminos-y-condiciones-generales\/","title":{"rendered":"T\u00e9rminos y condiciones generales"},"content":{"rendered":"<p>[vc_row full_width=\u00bbstretch_row_content_no_spaces\u00bb][vc_column]<div class=\"banner b5\">\r\n<div class=\"banner-text\">\r\n<h1>Pally blinkt uit in<br \/>\r\nzoete biscuits<\/h1>\r\n<\/div>\r\n<\/div>[\/vc_column][\/vc_row][vc_row][vc_column width=\u00bb3\/4&#8243;][vc_column_text css=\u00bb.vc_custom_1534508406831{padding-top: 15px !important;}\u00bb]<\/p>\n<h2 class=\"bold\">T\u00e9rminos y condiciones generales<\/h2>\n<p>Aqu\u00ed puede descargarse los t\u00e9rminos y condiciones generales de Pally Biscuits.[\/vc_column_text][vc_column_text css=\u00bb.vc_custom_1534508432980{padding-top: 30px !important;}\u00bb]<a href=\"https:\/\/pallybiscuits.com\/wp-content\/uploads\/2016\/05\/coveg-okt2010-NL.pdf\">T\u00e9rminos y condiciones generales<\/a>[\/vc_column_text][vc_column_text css=\u00bb.vc_custom_1462988986269{padding-top: 30px !important;padding-bottom: 60px !important;}\u00bb]<\/p>\n<p>[\/vc_column_text][\/vc_column][vc_column width=\u00bb1\/4&#8243;][vc_single_image source=\u00bbexternal_link\u00bb custom_src=\u00bbhttps:\/\/pallybiscuits.com\/wp-content\/themes\/pallybiscuits\/img\/header_biscuit.png\u00bb css=\u00bb.vc_custom_1462989122493{padding-top: 150px !important;}\u00bb][\/vc_column][\/vc_row][vc_row full_width=\u00bbstretch_row_content_no_spaces\u00bb el_class=\u00bbquick-block-holder\u00bb][vc_column]<div class=\"item_holder\" style=\"background-image: url('https:\/\/pallybiscuits.com\/wp-content\/themes\/pallybiscuits\/img\/footer_bg_left.jpg');\">\n<div class=\"item\" style=\"right: 0; bottom: 0; background-image: url('https:\/\/pallybiscuits.com\/wp-content\/themes\/pallybiscuits\/img\/footer_logo_trans_brown.png');\">\n<div class=\"title\"><span class=\"brown\">Nuestro surtido<\/span><\/div>\n<div class=\"content\">El surtido de Pally se compone de tipos de galletas populares en diferentes formas y variantes de envasado. A petici\u00f3n del cliente, podemos a\u00f1adir una buena capa de chocolate con leche o chocolate negro a las galletas.<\/div>\n<\/div>\n<\/div>\n<div class=\"item_holder\" style=\"width: 34%; background-image: url('https:\/\/pallybiscuits.com\/wp-content\/themes\/pallybiscuits\/img\/footer_bg_middle.jpg');\">\n<div class=\"item js-horizontal-center\" style=\"bottom: 0px; left: 131px; background-image: url('https:\/\/pallybiscuits.com\/wp-content\/themes\/pallybiscuits\/img\/footer_logo_trans_blue.png');\">\n<div class=\"title\"><span class=\"blue\">Condiciones de suministro<\/span><\/div>\n<div class=\"content\">\n<p>Aqu\u00ed abajo puede descargarse las condiciones de suministro de VBZ.<\/p>\n<ul>\n<li><span class=\"blue\">\u00bb<\/span> <a href=\"https:\/\/pallybiscuits.com\/wp-content\/uploads\/2019\/05\/20190326-Verkoopvoorwaarden-VBZ_NL.pdf\">Condiciones de suministro de VBZ (NL)<\/a><\/li>\n<li><span class=\"blue\">\u00bb<\/span> <a href=\"https:\/\/pallybiscuits.com\/wp-content\/uploads\/2019\/05\/20190326-Terms-of-Sale-VBZ_EN.pdf\">Condiciones de suministro de VBZ (EN)<\/a><\/li>\n<\/ul>\n<\/div>\n<\/div>\n<\/div>\n<div class=\"item_holder\" style=\"background-image: url('https:\/\/pallybiscuits.com\/wp-content\/themes\/pallybiscuits\/img\/footer_bg_right.jpg');\">\n<div class=\"item\" style=\"left: 0; bottom: 0; background-image: url('https:\/\/pallybiscuits.com\/wp-content\/themes\/pallybiscuits\/img\/footer_logo_trans_yellow.png');\">\n<div class=\"title\"><span class=\"yellow\">Calidad<\/span><\/div>\n<div class=\"content\">\n<p>Aqu\u00ed puede descargarse las certificaciones de Pally Biscuits.<\/p>\n<ul class=\"imgholder-logos\">\n<li><img decoding=\"async\" src=\"https:\/\/pallybiscuits.com\/wp-content\/uploads\/2020\/03\/BRCGS_CERT_FOOD_LOGO_RGB.png\" \/><\/li>\n<li><img decoding=\"async\" src=\"https:\/\/pallybiscuits.com\/wp-content\/uploads\/2020\/03\/IFS_Food_Box_RGB.png\" \/><\/li>\n<li><img decoding=\"async\" src=\"https:\/\/pallybiscuits.com\/wp-content\/uploads\/2020\/03\/EU_Organic_Logo_Colour_Version_54x36mm_IsoC.png\" \/><\/li>\n<li><img decoding=\"async\" src=\"https:\/\/pallybiscuits.com\/wp-content\/uploads\/2020\/03\/Fairtrade-transparant.png\" \/><\/li>\n<p> \t<!--\n\n<li><img decoding=\"async\" src=\"https:\/\/pallybiscuits.com\/wp-content\/uploads\/2020\/03\/RSPO-Transparant.png\" \/><\/li>\n\n--><\/p>\n<li><img decoding=\"async\" src=\"https:\/\/pallybiscuits.com\/wp-content\/uploads\/2023\/11\/RA_Seal_Core_Green_and_White_RGB-e1602838216833.png\" \/><\/li>\n<li><img decoding=\"async\" src=\"https:\/\/pallybiscuits.com\/wp-content\/uploads\/2020\/03\/thumbnail_Vegan-Transparant.png\" \/><\/li>\n<\/ul>\n<\/div>\n<\/div>\n<\/div>\n[\/vc_column][\/vc_row]<\/p>\n","protected":false},"excerpt":{"rendered":"<p>[vc_row full_width=\u00bbstretch_row_content_no_spaces\u00bb][vc_column][\/vc_column][\/vc_row][vc_row][vc_column width=\u00bb3\/4&#8243;][vc_column_text css=\u00bb.vc_custom_1534508406831{padding-top: 15px !important;}\u00bb] T\u00e9rminos y condiciones generales Aqu\u00ed puede descargarse los t\u00e9rminos y condiciones generales de Pally Biscuits.[\/vc_column_text][vc_column_text css=\u00bb.vc_custom_1534508432980{padding-top: 30px !important;}\u00bb]T\u00e9rminos y condiciones generales[\/vc_column_text][vc_column_text css=\u00bb.vc_custom_1462988986269{padding-top: 30px !important;padding-bottom: 60px !important;}\u00bb] [\/vc_column_text][\/vc_column][vc_column width=\u00bb1\/4&#8243;][vc_single_image source=\u00bbexternal_link\u00bb custom_src=\u00bbhttps:\/\/pallybiscuits.com\/wp-content\/themes\/pallybiscuits\/img\/header_biscuit.png\u00bb css=\u00bb.vc_custom_1462989122493{padding-top: 150px !important;}\u00bb][\/vc_column][\/vc_row][vc_row full_width=\u00bbstretch_row_content_no_spaces\u00bb el_class=\u00bbquick-block-holder\u00bb][vc_column][\/vc_column][\/vc_row]<\/p>\n","protected":false},"author":5,"featured_media":0,"parent":0,"menu_order":0,"comment_status":"closed","ping_status":"closed","template":"","meta":{"_acf_changed":false,"footnotes":""},"class_list":["post-1141","page","type-page","status-publish","hentry"],"acf":[],"_links":{"self":[{"href":"https:\/\/pallybiscuits.com\/es\/wp-json\/wp\/v2\/pages\/1141","targetHints":{"allow":["GET"]}}],"collection":[{"href":"https:\/\/pallybiscuits.com\/es\/wp-json\/wp\/v2\/pages"}],"about":[{"href":"https:\/\/pallybiscuits.com\/es\/wp-json\/wp\/v2\/types\/page"}],"author":[{"embeddable":true,"href":"https:\/\/pallybiscuits.com\/es\/wp-json\/wp\/v2\/users\/5"}],"replies":[{"embeddable":true,"href":"https:\/\/pallybiscuits.com\/es\/wp-json\/wp\/v2\/comments?post=1141"}],"version-history":[{"count":3,"href":"https:\/\/pallybiscuits.com\/es\/wp-json\/wp\/v2\/pages\/1141\/revisions"}],"predecessor-version":[{"id":1183,"href":"https:\/\/pallybiscuits.com\/es\/wp-json\/wp\/v2\/pages\/1141\/revisions\/1183"}],"wp:attachment":[{"href":"https:\/\/pallybiscuits.com\/es\/wp-json\/wp\/v2\/media?parent=1141"}],"curies":[{"name":"wp","href":"https:\/\/api.w.org\/{rel}","templated":true}]}}